{"id":1729,"date":"2017-04-14T14:33:26","date_gmt":"2017-04-14T14:33:26","guid":{"rendered":"https:\/\/rosipuhkemaja.ee\/book-at\/"},"modified":"2026-03-25T11:54:19","modified_gmt":"2026-03-25T11:54:19","slug":"book-at","status":"publish","type":"page","link":"https:\/\/rosipuhkemaja.ee\/en\/book-at\/","title":{"rendered":"Book at"},"content":{"rendered":"<section class=\"wpb-content-wrapper\"><p>[vc_row][vc_column][vc_empty_space alter_height=&#8221;medium&#8221; hide_on_mobile=&#8221;&#8221;][\/vc_column][\/vc_row][vc_row][vc_column width=&#8221;1\/2&#8243;][vc_custom_heading text=&#8221;Feel free to contact&#8221; use_theme_fonts=&#8221;yes&#8221;][vc_column_text]Feel free to let me know your questions or special requests on the booking form or contact me directly.[\/vc_column_text][vc_empty_space hide_on_mobile=&#8221;&#8221;]<div id=\"widget_contacts_642497878\" class=\"widget_area sc_widget_contacts vc_widget_contacts wpb_content_element\"><aside id=\"widget_contacts_642497878_widget\" class=\"widget widget_contacts\"><div class=\"contacts_wrap\"><div class=\"contacts_logo\"><img loading=\"lazy\" decoding=\"async\" src=\"https:\/\/rosipuhkemaja.ee\/wp-content\/uploads\/2023\/10\/Veiko2.png\" alt=\"\" width=\"200\" height=\"200\"><\/div><div class=\"contacts_description\"><p>Veiko Rosi - Puhkemaja peremees<\/p>\n<\/div><div class=\"contacts_info\"><span class=\"contacts_email\"><a href=\"mailto:&#105;&#110;f&#111;&#64;&#114;&#111;&#115;&#105;&#112;u&#104;k&#101;&#109;aja.e&#101;\">&#105;&#110;fo&#64;r&#111;&#115;ip&#117;&#104;&#107;&#101;m&#97;&#106;&#97;&#46;ee<\/a><\/span><span class=\"contacts_phone\"><a href=\"tel:+37253478185\">+37253478185<\/a><\/span><\/div><\/div><!-- \/.contacts_wrap --><\/aside><\/div>[\/vc_column][vc_column width=&#8221;1\/2&#8243;]<div id=\"sc_title_559658618\"\n\t\tclass=\"sc_title sc_title_default\"><h3 class=\"sc_item_title sc_title_title sc_align_left sc_item_title_style_default sc_item_title_tag\">T\u00e4ida broneeringu vorm<\/h3><div class=\"sc_item_descr sc_title_descr sc_align_left\"><p>Ja me v\u00f5tame sinuga esimesel v\u00f5imalusel \u00fchendust.<\/p>\n<\/div><\/div><!-- \/.sc_title -->\n<div class=\"wpcf7 no-js\" id=\"wpcf7-f1765-o1\" lang=\"en-US\" dir=\"ltr\" data-wpcf7-id=\"1765\">\n<div class=\"screen-reader-response\"><p role=\"status\" aria-live=\"polite\" aria-atomic=\"true\"><\/p> <ul><\/ul><\/div>\n<form action=\"\/en\/wp-json\/wp\/v2\/pages\/1729#wpcf7-f1765-o1\" method=\"post\" class=\"wpcf7-form init\" aria-label=\"Contact form\" novalidate=\"novalidate\" data-status=\"init\">\n<fieldset class=\"hidden-fields-container\"><input type=\"hidden\" name=\"_wpcf7\" value=\"1765\" \/><input type=\"hidden\" name=\"_wpcf7_version\" value=\"6.1.5\" \/><input type=\"hidden\" name=\"_wpcf7_locale\" value=\"en_US\" \/><input type=\"hidden\" name=\"_wpcf7_unit_tag\" value=\"wpcf7-f1765-o1\" \/><input type=\"hidden\" name=\"_wpcf7_container_post\" value=\"0\" \/><input type=\"hidden\" name=\"_wpcf7_posted_data_hash\" value=\"\" \/><input type=\"hidden\" name=\"_wpcf7_recaptcha_response\" value=\"\" \/>\n<\/fieldset>\n<div class=\"col-container\">\n<div class=\"col-1-3\"><label>Name<\/label><span class=\"wpcf7-form-control-wrap\" data-name=\"text-name\"><input size=\"40\" maxlength=\"400\" class=\"wpcf7-form-control wpcf7-text wpcf7-validates-as-required\" aria-required=\"true\" aria-invalid=\"false\" placeholder=\"Your Name\" value=\"\" type=\"text\" name=\"text-name\" \/><\/span><\/div>\n<div class=\"col-1-3\"><label>Phone<\/label><span class=\"wpcf7-form-control-wrap\" data-name=\"tel-phone\"><input size=\"40\" maxlength=\"400\" class=\"wpcf7-form-control wpcf7-tel wpcf7-validates-as-required wpcf7-text wpcf7-validates-as-tel\" aria-required=\"true\" aria-invalid=\"false\" placeholder=\"+372\" value=\"\" type=\"tel\" name=\"tel-phone\" \/><\/span><\/div>\n<div class=\"col-1-3\"><label>Check In:<\/label><span class=\"wpcf7-form-control-wrap\" data-name=\"date-check-in\"><input size=\"40\" maxlength=\"400\" class=\"wpcf7-form-control wpcf7-text datefield\" aria-invalid=\"false\" placeholder=\"19.06\" value=\"\" type=\"text\" name=\"date-check-in\" \/><\/span><\/div>\n<div class=\"col-1-3\"><label>Check Out:<\/label><span class=\"wpcf7-form-control-wrap\" data-name=\"date-check-out\"><input size=\"40\" maxlength=\"400\" class=\"wpcf7-form-control wpcf7-text datefield\" aria-invalid=\"false\" placeholder=\"20.06\" value=\"\" type=\"text\" name=\"date-check-out\" \/><\/span><\/div>\n<div class=\"col-1-3\"><label>Adults:<\/label><span class=\"wpcf7-form-control-wrap\" data-name=\"menu-adults\"><select class=\"wpcf7-form-control wpcf7-select wpcf7-validates-as-required\" aria-required=\"true\" aria-invalid=\"false\" name=\"menu-adults\"><option value=\"1\">1<\/option><option value=\"2\">2<\/option><option value=\"3\">3<\/option><option value=\"4\">4<\/option><option value=\"5\">5<\/option><option value=\"6\">6<\/option><option value=\"7\">7<\/option><option value=\"8\">8<\/option><option value=\"9\">9<\/option><option value=\"10\">10<\/option><\/select><\/span><\/div>\n<div class=\"col-1-3\"><label>Child:<\/label><span class=\"wpcf7-form-control-wrap\" data-name=\"menu-children\"><select class=\"wpcf7-form-control wpcf7-select wpcf7-validates-as-required\" aria-required=\"true\" aria-invalid=\"false\" name=\"menu-children\"><option value=\"0\">0<\/option><option value=\"1\">1<\/option><option value=\"2\">2<\/option><option value=\"3\">3<\/option><option value=\"4\">4<\/option><option value=\"5\">5<\/option><option value=\"6\">6<\/option><option value=\"7\">7<\/option><option value=\"8\">8<\/option><option value=\"9\">9<\/option><option value=\"10\">10<\/option><\/select><\/span><\/div>\n<div class=\"col-1-1\"><label>E-mail<\/label><span class=\"wpcf7-form-control-wrap\" data-name=\"email-email\"><input size=\"40\" maxlength=\"400\" class=\"wpcf7-form-control wpcf7-email wpcf7-validates-as-required wpcf7-text wpcf7-validates-as-email\" aria-required=\"true\" aria-invalid=\"false\" placeholder=\"email@....\" value=\"\" type=\"email\" name=\"email-email\" \/><\/span><\/div>\n<div class=\"col-1-1\"><label>For more information<\/label><span class=\"wpcf7-form-control-wrap\" data-name=\"textarea-87\"><textarea cols=\"40\" rows=\"10\" maxlength=\"2000\" class=\"wpcf7-form-control wpcf7-textarea\" aria-invalid=\"false\" name=\"textarea-87\">If there are any questions<\/textarea><\/span><\/div>\n<div class=\"col-1-3\"><input class=\"wpcf7-form-control wpcf7-submit has-spinner\" type=\"submit\" value=\"DOWNLOAD\" \/><\/div><div class=\"wpcf7-response-output\" aria-hidden=\"true\"><\/div>\n<\/form>\n<\/div>\n[\/vc_column][\/vc_row][vc_row][vc_column][vc_empty_space alter_height=&#8221;huge&#8221; hide_on_mobile=&#8221;&#8221;][\/vc_column][\/vc_row][vc_row full_width=&#8221;stretch_row_content_no_spaces&#8221;][vc_column][vc_gmaps link=&#8221;#E-8_JTNDaWZyYW1lJTIwc3JjJTNEJTIyaHR0cHMlM0ElMkYlMkZ3d3cuZ29vZ2xlLmNvbSUyRm1hcHMlMkZlbWJlZCUzRnBiJTNEJTIxMW0xOCUyMTFtMTIlMjExbTMlMjExZDIwMzIuNTM3MDM4Mjk3NjMyNSUyMTJkMjYuOTM2MDg4NTc3NjE4NTUyJTIxM2Q1OS4zNzQwNjUyNzQ2MzU5NzQlMjEybTMlMjExZjAlMjEyZjAlMjEzZjAlMjEzbTIlMjExaTEwMjQlMjEyaTc2OCUyMTRmMTMuMSUyMTNtMyUyMTFtMiUyMTFzMHg0NjkzODcyZWQ2ZWZmN2I1JTI1M0EweDk1NDc3ZDZjMzM0ZDcxNDklMjEyc1Jvc2klMjUyMFB1aGtlbWFqYSUyMTVlMCUyMTNtMiUyMTFzZXQlMjEyc2VlJTIxNHYxNjg3ODYwODcxMDc4JTIxNW0yJTIxMXNldCUyMTJzZWUlMjIlMjB3aWR0aCUzRCUyMjYwMCUyMiUyMGhlaWdodCUzRCUyMjQ1MCUyMiUyMHN0eWxlJTNEJTIyYm9yZGVyJTNBMCUzQiUyMiUyMGFsbG93ZnVsbHNjcmVlbiUzRCUyMiUyMiUyMGxvYWRpbmclM0QlMjJsYXp5JTIyJTIwcmVmZXJyZXJwb2xpY3klM0QlMjJuby1yZWZlcnJlci13aGVuLWRvd25ncmFkZSUyMiUzRSUzQyUyRmlmcmFtZSUzRQ==&#8221; size=&#8221;150&#8243;][\/vc_column][\/vc_row]<\/p>\n<\/section>","protected":false},"excerpt":{"rendered":"<p>[vc_row][vc_column][vc_empty_space alter_height=&#8221;medium&#8221; hide_on_mobile=&#8221;&#8221;][\/vc_column][\/vc_row][vc_row][vc_column width=&#8221;1\/2&#8243;][vc_custom_heading text=&#8221;Feel free to contact&#8221; use_theme_fonts=&#8221;yes&#8221;][vc_column_text]Feel free to let me know your questions or special requests on the booking form or contact me directly.[\/vc_column_text][vc_empty_space hide_on_mobile=&#8221;&#8221;][\/vc_column][vc_column width=&#8221;1\/2&#8243;][\/vc_column][\/vc_row][vc_row][vc_column][vc_empty_space alter_height=&#8221;huge&#8221; hide_on_mobile=&#8221;&#8221;][\/vc_column][\/vc_row][vc_row full_width=&#8221;stretch_row_content_no_spaces&#8221;][vc_column][vc_gmaps link=&#8221;#E-8_JTNDaWZyYW1lJTIwc3JjJTNEJTIyaHR0cHMlM0ElMkYlMkZ3d3cuZ29vZ2xlLmNvbSUyRm1hcHMlMkZlbWJlZCUzRnBiJTNEJTIxMW0xOCUyMTFtMTIlMjExbTMlMjExZDIwMzIuNTM3MDM4Mjk3NjMyNSUyMTJkMjYuOTM2MDg4NTc3NjE4NTUyJTIxM2Q1OS4zNzQwNjUyNzQ2MzU5NzQlMjEybTMlMjExZjAlMjEyZjAlMjEzZjAlMjEzbTIlMjExaTEwMjQlMjEyaTc2OCUyMTRmMTMuMSUyMTNtMyUyMTFtMiUyMTFzMHg0NjkzODcyZWQ2ZWZmN2I1JTI1M0EweDk1NDc3ZDZjMzM0ZDcxNDklMjEyc1Jvc2klMjUyMFB1aGtlbWFqYSUyMTVlMCUyMTNtMiUyMTFzZXQlMjEyc2VlJTIxNHYxNjg3ODYwODcxMDc4JTIxNW0yJTIxMXNldCUyMTJzZWUlMjIlMjB3aWR0aCUzRCUyMjYwMCUyMiUyMGhlaWdodCUzRCUyMjQ1MCUyMiUyMHN0eWxlJTNEJTIyYm9yZGVyJTNBMCUzQiUyMiUyMGFsbG93ZnVsbHNjcmVlbiUzRCUyMiUyMiUyMGxvYWRpbmclM0QlMjJsYXp5JTIyJTIwcmVmZXJyZXJwb2xpY3klM0QlMjJuby1yZWZlcnJlci13aGVuLWRvd25ncmFkZSUyMiUzRSUzQyUyRmlmcmFtZSUzRQ==&#8221; size=&#8221;150&#8243;][\/vc_column][\/vc_row]<\/p>\n","protected":false},"author":1,"featured_media":0,"parent":0,"menu_order":0,"comment_status":"closed","ping_status":"closed","template":"","meta":{"footnotes":""},"class_list":["post-1729","page","type-page","status-publish","hentry"],"yoast_head":"<!-- This site is optimized with the Yoast SEO plugin v27.3 - https:\/\/yoast.com\/product\/yoast-seo-wordpress\/ -->\n<title>Book a holiday home - Rosi Holiday Home in Ida-Viru County<\/title>\n<meta name=\"description\" content=\"Book your stay at Rosi Holiday House quickly and conveniently. Enjoy a holiday in Ida-Viru County with sauna, barrel sauna and beautiful nature all year round.\" \/>\n<meta name=\"robots\" content=\"index, follow, max-snippet:-1, max-image-preview:large, max-video-preview:-1\" \/>\n<link rel=\"canonical\" href=\"https:\/\/rosipuhkemaja.ee\/en\/book-at\/\" \/>\n<meta property=\"og:locale\" content=\"en_US\" \/>\n<meta property=\"og:type\" content=\"article\" \/>\n<meta property=\"og:title\" content=\"Book a holiday home - Rosi Holiday Home in Ida-Viru County\" \/>\n<meta property=\"og:description\" content=\"Book your stay at Rosi Holiday House quickly and conveniently. Enjoy a holiday in Ida-Viru County with sauna, barrel sauna and beautiful nature all year round.\" \/>\n<meta property=\"og:url\" content=\"https:\/\/rosipuhkemaja.ee\/en\/book-at\/\" \/>\n<meta property=\"og:site_name\" content=\"Rosi Puhkemaja\" \/>\n<meta property=\"article:modified_time\" content=\"2026-03-25T11:54:19+00:00\" \/>\n<meta name=\"twitter:card\" content=\"summary_large_image\" \/>\n<meta name=\"twitter:label1\" content=\"Est. reading time\" \/>\n\t<meta name=\"twitter:data1\" content=\"1 minute\" \/>\n<script type=\"application\/ld+json\" class=\"yoast-schema-graph\">{\"@context\":\"https:\\\/\\\/schema.org\",\"@graph\":[{\"@type\":\"WebPage\",\"@id\":\"https:\\\/\\\/rosipuhkemaja.ee\\\/en\\\/book-at\\\/\",\"url\":\"https:\\\/\\\/rosipuhkemaja.ee\\\/en\\\/book-at\\\/\",\"name\":\"Book a holiday home - Rosi Holiday Home in Ida-Viru County\",\"isPartOf\":{\"@id\":\"https:\\\/\\\/rosipuhkemaja.ee\\\/#website\"},\"datePublished\":\"2017-04-14T14:33:26+00:00\",\"dateModified\":\"2026-03-25T11:54:19+00:00\",\"description\":\"Book your stay at Rosi Holiday House quickly and conveniently. Enjoy a holiday in Ida-Viru County with sauna, barrel sauna and beautiful nature all year round.\",\"breadcrumb\":{\"@id\":\"https:\\\/\\\/rosipuhkemaja.ee\\\/en\\\/book-at\\\/#breadcrumb\"},\"inLanguage\":\"en-US\",\"potentialAction\":[{\"@type\":\"ReadAction\",\"target\":[\"https:\\\/\\\/rosipuhkemaja.ee\\\/en\\\/book-at\\\/\"]}]},{\"@type\":\"BreadcrumbList\",\"@id\":\"https:\\\/\\\/rosipuhkemaja.ee\\\/en\\\/book-at\\\/#breadcrumb\",\"itemListElement\":[{\"@type\":\"ListItem\",\"position\":1,\"name\":\"Home\",\"item\":\"https:\\\/\\\/rosipuhkemaja.ee\\\/en\\\/\"},{\"@type\":\"ListItem\",\"position\":2,\"name\":\"Book at\"}]},{\"@type\":\"WebSite\",\"@id\":\"https:\\\/\\\/rosipuhkemaja.ee\\\/#website\",\"url\":\"https:\\\/\\\/rosipuhkemaja.ee\\\/\",\"name\":\"Rosi Puhkemaja\",\"description\":\"Sinu Virumaa puhkus algab Rosi Puhkemajast\",\"potentialAction\":[{\"@type\":\"SearchAction\",\"target\":{\"@type\":\"EntryPoint\",\"urlTemplate\":\"https:\\\/\\\/rosipuhkemaja.ee\\\/?s={search_term_string}\"},\"query-input\":{\"@type\":\"PropertyValueSpecification\",\"valueRequired\":true,\"valueName\":\"search_term_string\"}}],\"inLanguage\":\"en-US\"}]}<\/script>\n<!-- \/ Yoast SEO plugin. -->","yoast_head_json":{"title":"Book a holiday home - Rosi Holiday Home in Ida-Viru County","description":"Book your stay at Rosi Holiday House quickly and conveniently. Enjoy a holiday in Ida-Viru County with sauna, barrel sauna and beautiful nature all year round.","robots":{"index":"index","follow":"follow","max-snippet":"max-snippet:-1","max-image-preview":"max-image-preview:large","max-video-preview":"max-video-preview:-1"},"canonical":"https:\/\/rosipuhkemaja.ee\/en\/book-at\/","og_locale":"en_US","og_type":"article","og_title":"Book a holiday home - Rosi Holiday Home in Ida-Viru County","og_description":"Book your stay at Rosi Holiday House quickly and conveniently. Enjoy a holiday in Ida-Viru County with sauna, barrel sauna and beautiful nature all year round.","og_url":"https:\/\/rosipuhkemaja.ee\/en\/book-at\/","og_site_name":"Rosi Puhkemaja","article_modified_time":"2026-03-25T11:54:19+00:00","twitter_card":"summary_large_image","twitter_misc":{"Est. reading time":"1 minute"},"schema":{"@context":"https:\/\/schema.org","@graph":[{"@type":"WebPage","@id":"https:\/\/rosipuhkemaja.ee\/en\/book-at\/","url":"https:\/\/rosipuhkemaja.ee\/en\/book-at\/","name":"Book a holiday home - Rosi Holiday Home in Ida-Viru County","isPartOf":{"@id":"https:\/\/rosipuhkemaja.ee\/#website"},"datePublished":"2017-04-14T14:33:26+00:00","dateModified":"2026-03-25T11:54:19+00:00","description":"Book your stay at Rosi Holiday House quickly and conveniently. Enjoy a holiday in Ida-Viru County with sauna, barrel sauna and beautiful nature all year round.","breadcrumb":{"@id":"https:\/\/rosipuhkemaja.ee\/en\/book-at\/#breadcrumb"},"inLanguage":"en-US","potentialAction":[{"@type":"ReadAction","target":["https:\/\/rosipuhkemaja.ee\/en\/book-at\/"]}]},{"@type":"BreadcrumbList","@id":"https:\/\/rosipuhkemaja.ee\/en\/book-at\/#breadcrumb","itemListElement":[{"@type":"ListItem","position":1,"name":"Home","item":"https:\/\/rosipuhkemaja.ee\/en\/"},{"@type":"ListItem","position":2,"name":"Book at"}]},{"@type":"WebSite","@id":"https:\/\/rosipuhkemaja.ee\/#website","url":"https:\/\/rosipuhkemaja.ee\/","name":"Rosi Puhkemaja","description":"Sinu Virumaa puhkus algab Rosi Puhkemajast","potentialAction":[{"@type":"SearchAction","target":{"@type":"EntryPoint","urlTemplate":"https:\/\/rosipuhkemaja.ee\/?s={search_term_string}"},"query-input":{"@type":"PropertyValueSpecification","valueRequired":true,"valueName":"search_term_string"}}],"inLanguage":"en-US"}]}},"_links":{"self":[{"href":"https:\/\/rosipuhkemaja.ee\/en\/wp-json\/wp\/v2\/pages\/1729","targetHints":{"allow":["GET"]}}],"collection":[{"href":"https:\/\/rosipuhkemaja.ee\/en\/wp-json\/wp\/v2\/pages"}],"about":[{"href":"https:\/\/rosipuhkemaja.ee\/en\/wp-json\/wp\/v2\/types\/page"}],"author":[{"embeddable":true,"href":"https:\/\/rosipuhkemaja.ee\/en\/wp-json\/wp\/v2\/users\/1"}],"replies":[{"embeddable":true,"href":"https:\/\/rosipuhkemaja.ee\/en\/wp-json\/wp\/v2\/comments?post=1729"}],"version-history":[{"count":6,"href":"https:\/\/rosipuhkemaja.ee\/en\/wp-json\/wp\/v2\/pages\/1729\/revisions"}],"predecessor-version":[{"id":1800,"href":"https:\/\/rosipuhkemaja.ee\/en\/wp-json\/wp\/v2\/pages\/1729\/revisions\/1800"}],"wp:attachment":[{"href":"https:\/\/rosipuhkemaja.ee\/en\/wp-json\/wp\/v2\/media?parent=1729"}],"curies":[{"name":"wp","href":"https:\/\/api.w.org\/{rel}","templated":true}]}}