{"id":1732,"date":"2017-03-27T13:40:15","date_gmt":"2017-03-27T13:40:15","guid":{"rendered":"https:\/\/rosipuhkemaja.ee\/shortcodes\/"},"modified":"2026-03-25T13:38:32","modified_gmt":"2026-03-25T13:38:32","slug":"shortcodes","status":"publish","type":"page","link":"https:\/\/rosipuhkemaja.ee\/en\/shortcodes\/","title":{"rendered":"Shortcodes"},"content":{"rendered":"<section class=\"wpb-content-wrapper\"><p>[vc_row][vc_column width=&#8221;1\/2&#8243;][vc_column_text]<\/p>\n<h4>Video<\/h4>\n<div class=\"dummy\"><\/div>\n<p>[\/vc_column_text]<div id=\"widget_video_626405161\" class=\"widget_area sc_widget_video vc_widget_video wpb_content_element\"><aside id=\"widget_video_626405161_widget\" class=\"widget widget_video\"><div class=\"trx_addons_video_player with_cover hover_play\"><div class=\"video_embed video_frame\"><iframe loading=\"lazy\" title=\"GoPro: Afterglow - Night Skiing\" src=\"https:\/\/player.vimeo.com\/video\/110933976?dnt=1&amp;app_id=122963\" width=\"1170\" height=\"658\" frameborder=\"0\" allow=\"autoplay; fullscreen; picture-in-picture; clipboard-write\"><\/iframe><\/div><\/div><\/aside><\/div>[\/vc_column][vc_column width=&#8221;1\/2&#8243; offset=&#8221;vc_hidden-lg vc_hidden-md vc_hidden-sm&#8221;][vc_empty_space alter_height=&#8221;medium&#8221; hide_on_mobile=&#8221;&#8221;][\/vc_column][vc_column width=&#8221;1\/2&#8243;][vc_column_text]<\/p>\n<h4>Slider<\/h4>\n<div class=\"dummy\"><\/div>\n<p>[\/vc_column_text]<div id=\"widget_slider_1234382621\" class=\"widget_area sc_widget_slider vc_widget_slider wpb_content_element\"><aside id=\"widget_slider_1234382621_widget\" class=\"widget widget_slider\">\t\t\t<div class=\"slider_wrap slider_engine_swiper\">\n\t\t\t\t<div id=\"widget_slider_1234382621_outer\" class=\"slider_swiper_outer slider_style_default slider_outer_direction_horizontal slider_outer_controls slider_outer_controls_side slider_outer_nopagination slider_outer_notitles slider_outer_one\"><div id=\"widget_slider_1234382621_swiper\" class=\"slider_swiper swiper-slider-container slider_direction_horizontal slider_controls slider_controls_side slider_nopagination slider_notitles slider_one slider_noresize slider_height_fixed slider_type_bg\" data-ratio=\"16:9\" data-interval=\"7000\" data-effect=\"slide\" data-pagination=\"bullets\" data-direction=\"horizontal\" data-slides-per-view=\"1\" data-slides-space=\"0\" style=\"height:304px;\">\n\t\t\t\t\t\t<div class=\"swiper-wrapper\"><div  class=\"swiper-slide\" style=\"\"><\/div><div  class=\"swiper-slide\" style=\"\"><\/div><div  class=\"swiper-slide\" style=\"\"><\/div><\/div><!-- \/.swiper-wripper --><div class=\"slider_controls_wrap\"><a class=\"slider_prev swiper-button-prev\" href=\"#\"><\/a><a class=\"slider_next swiper-button-next\" href=\"#\"><\/a><\/div><\/div><!-- \/.slider_swiper --><\/div><!-- \/.slider_swiper_outer -->\t\t\t<\/div>\n\t\t\t<\/aside><\/div>[\/vc_column][\/vc_row][vc_row][vc_column][vc_separator][\/vc_column][\/vc_row][vc_row][vc_column width=&#8221;1\/2&#8243;][vc_column_text]<\/p>\n<h4>Audio<\/h4>\n<div class=\"dummy\"><\/div>\n<p>[\/vc_column_text]<div id=\"widget_audio_915550617\" class=\"widget_area scheme_default sc_widget_audio vc_widget_audio wpb_content_element\"><aside id=\"widget_audio_915550617_widget\" class=\"widget widget_audio\"><div class=\"trx_addons_audio_player without_cover\">\t\t<div class=\"audio_info\">\n\t\t\t\t\t\t\t<h6 class=\"audio_author\">Lily Hunter<\/h6>\n\t\t\t\t\t\t\t\t\t\t<h5 class=\"audio_caption\">Insert Audio Title Here<\/h5>\n\t\t\t\t\t<\/div>\n\t\t<div class=\"audio_frame audio_local\"><audio class=\"wp-audio-shortcode\" id=\"audio-1732-1\" preload=\"none\" style=\"width: 100%;\" controls=\"controls\"><source type=\"audio\/mpeg\" src=\"http:\/\/rosipuhkemaja.ee\/wp-content\/uploads\/2017\/03\/sample-melody.mp3?_=1\" \/><a href=\"http:\/\/rosipuhkemaja.ee\/wp-content\/uploads\/2017\/03\/sample-melody.mp3\">http:\/\/rosipuhkemaja.ee\/wp-content\/uploads\/2017\/03\/sample-melody.mp3<\/a><\/audio><\/div><\/div><\/aside><\/div>[\/vc_column][vc_column width=&#8221;1\/2&#8243; offset=&#8221;vc_hidden-lg vc_hidden-md vc_hidden-sm&#8221;][vc_empty_space alter_height=&#8221;medium&#8221; hide_on_mobile=&#8221;&#8221;][\/vc_column][vc_column width=&#8221;1\/2&#8243;][vc_column_text]<\/p>\n<h4>Skills<\/h4>\n<div class=\"dummy\"><\/div>\n<p>[\/vc_column_text]<div id=\"sc_skills_1514821164\"\n\t\tclass=\"sc_skills sc_skills_pie sc_skills_compact_off\"\n\t\t\t\tdata-type=\"pie\"\n\t\t><div class=\"sc_skills_columns sc_item_columns trx_addons_columns_wrap columns_padding_bottom\"><div class=\"sc_skills_column trx_addons_column-1_3\"><div class=\"sc_skills_item_wrap\"><div class=\"sc_skills_item\"><canvas id=\"sc_skills_canvas_1961703749\"><\/canvas><div class=\"sc_skills_total\" data-start=\"0\" data-stop=\"90\" data-step=\"1\" data-steps=\"100\" data-max=\"90\" data-speed=\"22\" data-duration=\"1980\" data-color=\"#eca549\" data-bg_color=\"#f7f7f7\" data-border_color=\"\" data-cutout=\"92\" data-easing=\"easeOutCirc\" data-ed=\"%\">0%<\/div><\/div><div class=\"sc_skills_item_title\">airplane<\/div><\/div><\/div><div class=\"sc_skills_column trx_addons_column-1_3\"><div class=\"sc_skills_item_wrap\"><div class=\"sc_skills_item\"><canvas id=\"sc_skills_canvas_1561307472\"><\/canvas><div class=\"sc_skills_total\" data-start=\"0\" data-stop=\"75\" data-step=\"1\" data-steps=\"100\" data-max=\"90\" data-speed=\"32\" data-duration=\"2400\" data-color=\"#eca549\" data-bg_color=\"#f7f7f7\" data-border_color=\"\" data-cutout=\"92\" data-easing=\"easeOutCirc\" data-ed=\"%\">0%<\/div><\/div><div class=\"sc_skills_item_title\">train<\/div><\/div><\/div><div class=\"sc_skills_column trx_addons_column-1_3\"><div class=\"sc_skills_item_wrap\"><div class=\"sc_skills_item\"><canvas id=\"sc_skills_canvas_212157502\"><\/canvas><div class=\"sc_skills_total\" data-start=\"0\" data-stop=\"60\" data-step=\"1\" data-steps=\"100\" data-max=\"90\" data-speed=\"33\" data-duration=\"1980\" data-color=\"#eca549\" data-bg_color=\"#f7f7f7\" data-border_color=\"\" data-cutout=\"92\" data-easing=\"easeOutCirc\" data-ed=\"%\">0%<\/div><\/div><div class=\"sc_skills_item_title\">bus<\/div><\/div><\/div><\/div><\/div>[\/vc_column][\/vc_row][vc_row][vc_column][vc_separator][\/vc_column][\/vc_row][vc_row][vc_column width=&#8221;1\/2&#8243;][vc_column_text]<\/p>\n<h4>Progress bars<\/h4>\n<div class=\"dummy\"><\/div>\n<p>[\/vc_column_text][vc_progress_bar values=&#8221;%5B%7B%22label%22%3A%22Lorem%20ipsum%22%2C%22value%22%3A%2285%22%2C%22color%22%3A%22custom%22%2C%22customcolor%22%3A%22%23eca549%22%7D%2C%7B%22label%22%3A%22Etiam%20aliquet%22%2C%22value%22%3A%2290%22%2C%22color%22%3A%22custom%22%2C%22customcolor%22%3A%22%23eca549%22%7D%2C%7B%22label%22%3A%22Mauris%20mollis%22%2C%22value%22%3A%2275%22%2C%22color%22%3A%22custom%22%2C%22customcolor%22%3A%22%23eca549%22%7D%5D&#8221; bgcolor=&#8221;custom&#8221; narrow=&#8221;1&#8243; units=&#8221;%&#8221;][\/vc_column][vc_column width=&#8221;1\/2&#8243; offset=&#8221;vc_hidden-lg vc_hidden-md vc_hidden-sm&#8221;][vc_empty_space alter_height=&#8221;medium&#8221; hide_on_mobile=&#8221;&#8221;][\/vc_column][vc_column width=&#8221;1\/2&#8243;][vc_column_text]<\/p>\n<h4>Map<\/h4>\n<div class=\"dummy\"><\/div>\n<p>[\/vc_column_text]<div id=\"sc_googlemap_1759348978_wrap\" class=\"sc_googlemap_wrap\"><div id=\"sc_googlemap_1759348978\"\n\t\t\tclass=\"sc_googlemap sc_googlemap_default\"\n\t\t\t style=\"width:100%;height:239px;\"\t\t\tdata-zoom=\"16\"\n\t\t\tdata-style=\"dark\"\n\t\t\tdata-cluster-icon=\"\"\n        ><iframe\n                    src=\"https:\/\/maps.google.com\/maps?t=m&output=embed&iwloc=near&z=16&q=350+5th+Ave%2C+New+York%2C+NY+10118%2C+USA\"\n                    scrolling=\"no\"\n                    marginheight=\"0\"\n                    marginwidth=\"0\"\n                    frameborder=\"0\"\n                    aria-label=\"\"><\/iframe><\/div><\/div><!-- \/.sc_googlemap_wrap -->[\/vc_column][\/vc_row][vc_row][vc_column][vc_separator][\/vc_column][\/vc_row][vc_row][vc_column width=&#8221;5\/6&#8243; offset=&#8221;vc_col-sm-offset-1&#8243;]<div id=\"sc_skills_493073463\"\n\t\tclass=\"sc_skills sc_skills_counter\"\n\t\t\t\tdata-type=\"counter\"\n\t\t><h4 class=\"sc_item_title sc_skills_title sc_align_center sc_item_title_style_default sc_item_title_tag\">counter<\/h4><div class=\"sc_skills_columns sc_item_columns trx_addons_columns_wrap columns_padding_bottom\"><div class=\"sc_skills_column trx_addons_column-1_4\"><div class=\"sc_skills_item_wrap\"><div class=\"sc_skills_item\"><div class=\"sc_skills_total\" data-start=\"0\" data-stop=\"985\" data-step=\"10\" data-max=\"1000\" data-speed=\"20\" data-duration=\"1970\" data-ed=\"\">0<\/div><\/div><div class=\"sc_skills_item_title\">Club Members<\/div><\/div><\/div><div class=\"sc_skills_column trx_addons_column-1_4\"><div class=\"sc_skills_item_wrap\"><div class=\"sc_skills_item\"><div class=\"sc_skills_total\" data-start=\"0\" data-stop=\"480\" data-step=\"10\" data-max=\"1000\" data-speed=\"29\" data-duration=\"1392\" data-ed=\"\">0<\/div><\/div><div class=\"sc_skills_item_title\">Rooms<\/div><\/div><\/div><div class=\"sc_skills_column trx_addons_column-1_4\"><div class=\"sc_skills_item_wrap\"><div class=\"sc_skills_item\"><div class=\"sc_skills_total\" data-start=\"0\" data-stop=\"40\" data-step=\"10\" data-max=\"1000\" data-speed=\"10\" data-duration=\"40\" data-ed=\"\">0<\/div><\/div><div class=\"sc_skills_item_title\">Km Tracks<\/div><\/div><\/div><div class=\"sc_skills_column trx_addons_column-1_4\"><div class=\"sc_skills_item_wrap\"><div class=\"sc_skills_item\"><div class=\"sc_skills_total\" data-start=\"0\" data-stop=\"125\" data-step=\"10\" data-max=\"1000\" data-speed=\"29\" data-duration=\"363\" data-ed=\"\">0<\/div><\/div><div class=\"sc_skills_item_title\">Instructors<\/div><\/div><\/div><\/div><\/div>[\/vc_column][\/vc_row][vc_row][vc_column][vc_separator][\/vc_column][\/vc_row][vc_row][vc_column][vc_column_text]<\/p>\n<h4>Price table<\/h4>\n<div class=\"dummy\"><\/div>\n<p>[\/vc_column_text][\/vc_column][\/vc_row][vc_row][vc_column width=&#8221;1\/3&#8243;]<div  id=\"sc_price_860722869\" \n\tclass=\"sc_price sc_price_default\"><a href=\"\/shop\/\" class=\"sc_price_image\"><img decoding=\"async\" src=\"\" alt=\"\"><div class=\"sc_price_title\">Adult season pass<\/div><\/a><div class=\"sc_price_info\"><div class=\"sc_price_title\"><a href=\"\/shop\/\">Adult season pass<\/a><\/div><div class=\"sc_price_price\"><span class=\"sc_price_value\">$549<\/span><\/div><div class=\"sc_price_description\">Unlimited skiing and boarding for the 2017 - 2018 Winter season. No blackout dates.<\/div><a href=\"\/shop\/\" class=\"sc_price_link\" target=\"_blank\">buy now<\/a><\/div>\n<\/div>[\/vc_column][vc_column width=&#8221;1\/3&#8243;]<div  id=\"sc_price_2125878227\" \n\tclass=\"sc_price sc_price_default\"><a href=\"\/shop\/\" class=\"sc_price_image\"><img decoding=\"async\" src=\"\" alt=\"\"><div class=\"sc_price_title\">young adult season pass<\/div><\/a><div class=\"sc_price_info\"><div class=\"sc_price_title\"><a href=\"\/shop\/\">young adult season pass<\/a><\/div><div class=\"sc_price_price\"><span class=\"sc_price_value\">$479<\/span><\/div><div class=\"sc_price_description\">Valid for ages 19 - 25. Unlimited skiing and boarding for the 2017 - 2018 Winter season.<\/div><a href=\"\/shop\/\" class=\"sc_price_link\" target=\"_blank\">buy now<\/a><\/div>\n<\/div>[\/vc_column][vc_column width=&#8221;1\/3&#8243;]<div  id=\"sc_price_1523780272\" \n\tclass=\"sc_price sc_price_default\"><a href=\"\/shop\/\" class=\"sc_price_image\"><img decoding=\"async\" src=\"\" alt=\"\"><div class=\"sc_price_title\">junior season pass<\/div><\/a><div class=\"sc_price_info\"><div class=\"sc_price_title\"><a href=\"\/shop\/\">junior season pass<\/a><\/div><div class=\"sc_price_price\"><span class=\"sc_price_value\">$349<\/span><\/div><div class=\"sc_price_description\">Valid for ages 13 - 18. Unlimited skiing and boarding for the 2017 - 2018 Winter season.<\/div><a href=\"\/shop\/\" class=\"sc_price_link\" target=\"_blank\">buy now<\/a><\/div>\n<\/div>[\/vc_column][\/vc_row][vc_row][vc_column][vc_separator][\/vc_column][\/vc_row][vc_row][vc_column]<div id=\"sc_title_1439067995\"\n\t\tclass=\"sc_title sc_title_default\"><h4 class=\"sc_item_title sc_title_title sc_align_left sc_item_title_style_default sc_item_title_tag\">testimonials<\/h4><\/div><!-- \/.sc_title -->[vc_empty_space alter_height=&#8221;small&#8221; hide_on_mobile=&#8221;&#8221;][\/vc_column][\/vc_row][vc_row full_width=&#8221;stretch_row&#8221; css=&#8221;.vc_custom_1490691501882{background-image: url(http:\/\/rosipuhkemaja.ee\/wp-content\/uploads\/2017\/03\/bg_3.jpg?id=347) !important;background-position: center !important;background-repeat: no-repeat !important;background-size: cover !important;}&#8221;][vc_column width=&#8221;7\/12&#8243; offset=&#8221;vc_col-sm-offset-0&#8243;][vc_empty_space alter_height=&#8221;huge&#8221; hide_on_mobile=&#8221;&#8221; css=&#8221;.vc_custom_1491489812614{margin-top: 2.75rem !important;}&#8221;]<div class=\"sc_testimonials sc_testimonials_default\"><h6 class=\"sc_item_subtitle sc_testimonials_subtitle sc_align_left sc_item_title_style_inverse\">Testimonials<\/h6><h1 class=\"sc_item_title sc_testimonials_title sc_align_left sc_item_title_style_inverse sc_item_title_tag\">Clients About Us<\/h1><div class=\"sc_testimonials_slider sc_item_slider\tslider_swiper_outer slider_outer_nocontrols slider_outer_pagination slider_outer_pagination_bullets slider_outer_pagination_pos_left slider_outer_one\">\n\t<div class=\"swiper-slider-container slider_swiper slider_noresize slider_nocontrols slider_pagination slider_pagination_bullets slider_pagination_pos_left slider_one\" data-slides-min-width=\"150\" data-pagination=\"bullets\">\n\t\t<div class=\"slides swiper-wrapper sc_item_columns_1\"><div class=\"swiper-slide\"><div class=\"sc_testimonials_item\">\n\t<div class=\"sc_testimonials_item_content\">\n<p>\u0412 \u0434\u043e\u043c\u0435 \u0431\u044b\u043b\u043e \u043e\u0447\u0435\u043d\u044c \u0447\u0438\u0441\u0442\u043e \u0438 \u043f\u0440\u043e\u0441\u0442\u043e\u0440\u043d\u043e, \u0445\u043e\u0437\u044f\u0438\u043d \u0434\u043e\u043c\u0430 \u0431\u044b\u0441\u0442\u0440\u043e \u0432\u044b\u0445\u043e\u0434\u0438\u043b \u043d\u0430 \u0441\u0432\u044f\u0437\u044c \u0438 \u043e\u0442\u0432\u0435\u0447\u0430\u043b \u043d\u0430 \u0432\u0441\u0435 \u0432\u043e\u043f\u0440\u043e\u0441\u044b, \u043e\u0442\u043b\u0438\u0447\u043d\u043e\u0435 \u0440\u0430\u0441\u043f\u043e\u043b\u043e\u0436\u0435\u043d\u0438\u0435 \u0434\u043e\u043c\u0430 \u0434\u043b\u044f \u043e\u0442\u0434\u044b\u0445\u0430. \u0418\u043c\u0435\u0435\u0442\u0441\u044f \u0432\u0441\u0435 \u0434\u043b\u044f \u043a\u043e\u043c\u0444\u043e\u0440\u0442\u043d\u043e\u0439 \u043e\u0441\u0442\u0430\u043d\u043e\u0432\u043a\u0438.<br>\u2b50\ufe0f\u2b50\ufe0f\u2b50\ufe0f\u2b50\ufe0f\u2b50\ufe0f<\/p>\n<\/div>\n\t<div class=\"sc_testimonials_item_author\">\n        <div class=\"sc_testimonials_item_author_data\">\n            <h4 class=\"sc_testimonials_item_author_title\">GERMAN<\/h4>\n            <div class=\"sc_testimonials_item_author_subtitle\"><\/div>\n        <\/div>\n\t\t\t<\/div>\n<\/div>\n<\/div><div class=\"swiper-slide\"><div class=\"sc_testimonials_item\">\n\t<div class=\"sc_testimonials_item_content\">\n<p>Koht on lihtsalt suurep\u00e4rane ja peremees on lahke \ud83d\udc4d<br>\u2b50\ufe0f\u2b50\ufe0f\u2b50\ufe0f\u2b50\ufe0f\u2b50\ufe0f<\/p>\n<\/div>\n\t<div class=\"sc_testimonials_item_author\">\n        <div class=\"sc_testimonials_item_author_data\">\n            <h4 class=\"sc_testimonials_item_author_title\">MARGUS<\/h4>\n            <div class=\"sc_testimonials_item_author_subtitle\"><\/div>\n        <\/div>\n\t\t\t<\/div>\n<\/div>\n<\/div><div class=\"swiper-slide\"><div class=\"sc_testimonials_item\">\n\t<div class=\"sc_testimonials_item_content\">\n<p>Omanik oli k\u00e4ttesaadav ja abivalmis. K\u00f5ik oli t\u00e4pselt nagu piltidel n\u00e4ha ning t\u00f6\u00f6tas ja toimis.<br>\u2b50\ufe0f\u2b50\ufe0f\u2b50\ufe0f\u2b50\ufe0f\u2b50\ufe0f<\/p>\n<\/div>\n\t<div class=\"sc_testimonials_item_author\">\n        <div class=\"sc_testimonials_item_author_data\">\n            <h4 class=\"sc_testimonials_item_author_title\">GERLI<\/h4>\n            <div class=\"sc_testimonials_item_author_subtitle\"><\/div>\n        <\/div>\n\t\t\t<\/div>\n<\/div>\n<\/div><\/div><div class=\"slider_pagination_wrap swiper-pagination\"><\/div><\/div><\/div><\/div><!-- \/.sc_testimonials -->[vc_empty_space alter_height=&#8221;huge&#8221; hide_on_mobile=&#8221;&#8221; css=&#8221;.vc_custom_1491491765984{margin-top: 4.6rem !important;}&#8221;][\/vc_column][\/vc_row]<\/p>\n<\/section>","protected":false},"excerpt":{"rendered":"<p>[vc_row][vc_column width=&#8221;1\/2&#8243;][vc_column_text] Video [\/vc_column_text][\/vc_column][vc_column width=&#8221;1\/2&#8243; offset=&#8221;vc_hidden-lg vc_hidden-md vc_hidden-sm&#8221;][vc_empty_space alter_height=&#8221;medium&#8221; hide_on_mobile=&#8221;&#8221;][\/vc_column][vc_column width=&#8221;1\/2&#8243;][vc_column_text] Slider [\/vc_column_text][\/vc_column][\/vc_row][vc_row][vc_column][vc_separator][\/vc_column][\/vc_row][vc_row][vc_column width=&#8221;1\/2&#8243;][vc_column_text] Audio [\/vc_column_text][\/vc_column][vc_column width=&#8221;1\/2&#8243; offset=&#8221;vc_hidden-lg vc_hidden-md vc_hidden-sm&#8221;][vc_empty_space alter_height=&#8221;medium&#8221; hide_on_mobile=&#8221;&#8221;][\/vc_column][vc_column width=&#8221;1\/2&#8243;][vc_column_text] Skills [\/vc_column_text][\/vc_column][\/vc_row][vc_row][vc_column][vc_separator][\/vc_column][\/vc_row][vc_row][vc_column width=&#8221;1\/2&#8243;][vc_column_text] Progress bars [\/vc_column_text][vc_progress_bar values=&#8221;%5B%7B%22label%22%3A%22Lorem%20ipsum%22%2C%22value%22%3A%2285%22%2C%22color%22%3A%22custom%22%2C%22customcolor%22%3A%22%23eca549%22%7D%2C%7B%22label%22%3A%22Etiam%20aliquet%22%2C%22value%22%3A%2290%22%2C%22color%22%3A%22custom%22%2C%22customcolor%22%3A%22%23eca549%22%7D%2C%7B%22label%22%3A%22Mauris%20mollis%22%2C%22value%22%3A%2275%22%2C%22color%22%3A%22custom%22%2C%22customcolor%22%3A%22%23eca549%22%7D%5D&#8221; bgcolor=&#8221;custom&#8221; narrow=&#8221;1&#8243; units=&#8221;%&#8221;][\/vc_column][vc_column width=&#8221;1\/2&#8243; offset=&#8221;vc_hidden-lg vc_hidden-md vc_hidden-sm&#8221;][vc_empty_space alter_height=&#8221;medium&#8221; hide_on_mobile=&#8221;&#8221;][\/vc_column][vc_column width=&#8221;1\/2&#8243;][vc_column_text] Map [\/vc_column_text][\/vc_column][\/vc_row][vc_row][vc_column][vc_separator][\/vc_column][\/vc_row][vc_row][vc_column width=&#8221;5\/6&#8243; offset=&#8221;vc_col-sm-offset-1&#8243;][\/vc_column][\/vc_row][vc_row][vc_column][vc_separator][\/vc_column][\/vc_row][vc_row][vc_column][vc_column_text] Price table [\/vc_column_text][\/vc_column][\/vc_row][vc_row][vc_column width=&#8221;1\/3&#8243;][\/vc_column][vc_column width=&#8221;1\/3&#8243;][\/vc_column][vc_column width=&#8221;1\/3&#8243;][\/vc_column][\/vc_row][vc_row][vc_column][vc_separator][\/vc_column][\/vc_row][vc_row][vc_column][vc_empty_space alter_height=&#8221;small&#8221; hide_on_mobile=&#8221;&#8221;][\/vc_column][\/vc_row][vc_row full_width=&#8221;stretch_row&#8221; css=&#8221;.vc_custom_1490691501882{background-image: url(http:\/\/rosipuhkemaja.ee\/wp-content\/uploads\/2017\/03\/bg_3.jpg?id=347) !important;background-position: center !important;background-repeat: no-repeat !important;background-size:&hellip;<\/p>\n","protected":false},"author":1,"featured_media":0,"parent":0,"menu_order":0,"comment_status":"closed","ping_status":"closed","template":"","meta":{"footnotes":""},"class_list":["post-1732","page","type-page","status-publish","hentry"],"yoast_head":"<!-- This site is optimized with the Yoast SEO plugin v27.4 - https:\/\/yoast.com\/product\/yoast-seo-wordpress\/ -->\n<title>Shortcodes - Functions of the Rosi Holiday House website<\/title>\n<meta name=\"description\" content=\"Check out the Rosi Holiday Home shortcodes page. Here you can find instructions for all the website&#039;s features and elements quickly and easily.\" \/>\n<meta name=\"robots\" content=\"index, follow, max-snippet:-1, max-image-preview:large, max-video-preview:-1\" \/>\n<link rel=\"canonical\" href=\"https:\/\/rosipuhkemaja.ee\/en\/shortcodes\/\" \/>\n<meta property=\"og:locale\" content=\"en_US\" \/>\n<meta property=\"og:type\" content=\"article\" \/>\n<meta property=\"og:title\" content=\"Shortcodes - Functions of the Rosi Holiday House website\" \/>\n<meta property=\"og:description\" content=\"Check out the Rosi Holiday Home shortcodes page. Here you can find instructions for all the website&#039;s features and elements quickly and easily.\" \/>\n<meta property=\"og:url\" content=\"https:\/\/rosipuhkemaja.ee\/en\/shortcodes\/\" \/>\n<meta property=\"og:site_name\" content=\"Rosi Puhkemaja\" \/>\n<meta property=\"article:modified_time\" content=\"2026-03-25T13:38:32+00:00\" \/>\n<meta name=\"twitter:card\" content=\"summary_large_image\" \/>\n<meta name=\"twitter:label1\" content=\"Est. reading time\" \/>\n\t<meta name=\"twitter:data1\" content=\"4 minutes\" \/>\n<script type=\"application\/ld+json\" class=\"yoast-schema-graph\">{\"@context\":\"https:\\\/\\\/schema.org\",\"@graph\":[{\"@type\":\"WebPage\",\"@id\":\"https:\\\/\\\/rosipuhkemaja.ee\\\/en\\\/shortcodes\\\/\",\"url\":\"https:\\\/\\\/rosipuhkemaja.ee\\\/en\\\/shortcodes\\\/\",\"name\":\"Shortcodes - Functions of the Rosi Holiday House website\",\"isPartOf\":{\"@id\":\"https:\\\/\\\/rosipuhkemaja.ee\\\/#website\"},\"datePublished\":\"2017-03-27T13:40:15+00:00\",\"dateModified\":\"2026-03-25T13:38:32+00:00\",\"description\":\"Check out the Rosi Holiday Home shortcodes page. Here you can find instructions for all the website's features and elements quickly and easily.\",\"breadcrumb\":{\"@id\":\"https:\\\/\\\/rosipuhkemaja.ee\\\/en\\\/shortcodes\\\/#breadcrumb\"},\"inLanguage\":\"en-US\",\"potentialAction\":[{\"@type\":\"ReadAction\",\"target\":[\"https:\\\/\\\/rosipuhkemaja.ee\\\/en\\\/shortcodes\\\/\"]}]},{\"@type\":\"BreadcrumbList\",\"@id\":\"https:\\\/\\\/rosipuhkemaja.ee\\\/en\\\/shortcodes\\\/#breadcrumb\",\"itemListElement\":[{\"@type\":\"ListItem\",\"position\":1,\"name\":\"Home\",\"item\":\"https:\\\/\\\/rosipuhkemaja.ee\\\/en\\\/\"},{\"@type\":\"ListItem\",\"position\":2,\"name\":\"Shortcodes\"}]},{\"@type\":\"WebSite\",\"@id\":\"https:\\\/\\\/rosipuhkemaja.ee\\\/#website\",\"url\":\"https:\\\/\\\/rosipuhkemaja.ee\\\/\",\"name\":\"Rosi Puhkemaja\",\"description\":\"Sinu Virumaa puhkus algab Rosi Puhkemajast\",\"potentialAction\":[{\"@type\":\"SearchAction\",\"target\":{\"@type\":\"EntryPoint\",\"urlTemplate\":\"https:\\\/\\\/rosipuhkemaja.ee\\\/?s={search_term_string}\"},\"query-input\":{\"@type\":\"PropertyValueSpecification\",\"valueRequired\":true,\"valueName\":\"search_term_string\"}}],\"inLanguage\":\"en-US\"}]}<\/script>\n<!-- \/ Yoast SEO plugin. -->","yoast_head_json":{"title":"Shortcodes - Functions of the Rosi Holiday House website","description":"Check out the Rosi Holiday Home shortcodes page. Here you can find instructions for all the website's features and elements quickly and easily.","robots":{"index":"index","follow":"follow","max-snippet":"max-snippet:-1","max-image-preview":"max-image-preview:large","max-video-preview":"max-video-preview:-1"},"canonical":"https:\/\/rosipuhkemaja.ee\/en\/shortcodes\/","og_locale":"en_US","og_type":"article","og_title":"Shortcodes - Functions of the Rosi Holiday House website","og_description":"Check out the Rosi Holiday Home shortcodes page. Here you can find instructions for all the website's features and elements quickly and easily.","og_url":"https:\/\/rosipuhkemaja.ee\/en\/shortcodes\/","og_site_name":"Rosi Puhkemaja","article_modified_time":"2026-03-25T13:38:32+00:00","twitter_card":"summary_large_image","twitter_misc":{"Est. reading time":"4 minutes"},"schema":{"@context":"https:\/\/schema.org","@graph":[{"@type":"WebPage","@id":"https:\/\/rosipuhkemaja.ee\/en\/shortcodes\/","url":"https:\/\/rosipuhkemaja.ee\/en\/shortcodes\/","name":"Shortcodes - Functions of the Rosi Holiday House website","isPartOf":{"@id":"https:\/\/rosipuhkemaja.ee\/#website"},"datePublished":"2017-03-27T13:40:15+00:00","dateModified":"2026-03-25T13:38:32+00:00","description":"Check out the Rosi Holiday Home shortcodes page. Here you can find instructions for all the website's features and elements quickly and easily.","breadcrumb":{"@id":"https:\/\/rosipuhkemaja.ee\/en\/shortcodes\/#breadcrumb"},"inLanguage":"en-US","potentialAction":[{"@type":"ReadAction","target":["https:\/\/rosipuhkemaja.ee\/en\/shortcodes\/"]}]},{"@type":"BreadcrumbList","@id":"https:\/\/rosipuhkemaja.ee\/en\/shortcodes\/#breadcrumb","itemListElement":[{"@type":"ListItem","position":1,"name":"Home","item":"https:\/\/rosipuhkemaja.ee\/en\/"},{"@type":"ListItem","position":2,"name":"Shortcodes"}]},{"@type":"WebSite","@id":"https:\/\/rosipuhkemaja.ee\/#website","url":"https:\/\/rosipuhkemaja.ee\/","name":"Rosi Puhkemaja","description":"Sinu Virumaa puhkus algab Rosi Puhkemajast","potentialAction":[{"@type":"SearchAction","target":{"@type":"EntryPoint","urlTemplate":"https:\/\/rosipuhkemaja.ee\/?s={search_term_string}"},"query-input":{"@type":"PropertyValueSpecification","valueRequired":true,"valueName":"search_term_string"}}],"inLanguage":"en-US"}]}},"_links":{"self":[{"href":"https:\/\/rosipuhkemaja.ee\/en\/wp-json\/wp\/v2\/pages\/1732","targetHints":{"allow":["GET"]}}],"collection":[{"href":"https:\/\/rosipuhkemaja.ee\/en\/wp-json\/wp\/v2\/pages"}],"about":[{"href":"https:\/\/rosipuhkemaja.ee\/en\/wp-json\/wp\/v2\/types\/page"}],"author":[{"embeddable":true,"href":"https:\/\/rosipuhkemaja.ee\/en\/wp-json\/wp\/v2\/users\/1"}],"replies":[{"embeddable":true,"href":"https:\/\/rosipuhkemaja.ee\/en\/wp-json\/wp\/v2\/comments?post=1732"}],"version-history":[{"count":6,"href":"https:\/\/rosipuhkemaja.ee\/en\/wp-json\/wp\/v2\/pages\/1732\/revisions"}],"predecessor-version":[{"id":1834,"href":"https:\/\/rosipuhkemaja.ee\/en\/wp-json\/wp\/v2\/pages\/1732\/revisions\/1834"}],"wp:attachment":[{"href":"https:\/\/rosipuhkemaja.ee\/en\/wp-json\/wp\/v2\/media?parent=1732"}],"curies":[{"name":"wp","href":"https:\/\/api.w.org\/{rel}","templated":true}]}}