{"id":1746,"date":"2017-03-23T10:44:07","date_gmt":"2017-03-23T10:44:07","guid":{"rendered":"https:\/\/rosipuhkemaja.ee\/activities\/"},"modified":"2026-03-25T13:41:23","modified_gmt":"2026-03-25T13:41:23","slug":"activities","status":"publish","type":"page","link":"https:\/\/rosipuhkemaja.ee\/en\/activities\/","title":{"rendered":"Activities"},"content":{"rendered":"<section class=\"wpb-content-wrapper\"><p>[vc_row][vc_column][\/vc_column][\/vc_row][vc_row][vc_column width=&#8221;1\/2&#8243;][vc_empty_space alter_height=&#8221;medium&#8221; hide_on_mobile=&#8221;&#8221;][vc_single_image image=&#8221;1647&#8243; img_size=&#8221;full&#8221;][vc_empty_space hide_on_mobile=&#8221;&#8221;][\/vc_column][vc_column width=&#8221;1\/2&#8243;][vc_empty_space hide_on_mobile=&#8221;&#8221;]<div id=\"sc_title_421467701\"\n\t\tclass=\"sc_title sc_title_default\"><h1 class=\"sc_item_title sc_title_title sc_align_left sc_item_title_style_default sc_item_title_tag\">Kivi\u00f5li Seikluskeskus<\/h1><\/div><!-- \/.sc_title -->[vc_empty_space hide_on_mobile=&#8221;&#8221;][vc_column_text]The Kivi\u00f5li Adventure Centre is located on an old ash hill in the northern part of Kivi\u00f5li, one side of which has Estonia&#8217;s longest ski slopes and the most exciting snowboard park. A brand new family fun park, downhill trails, a disc golf course and much more are open in summer.<\/p>\n<p>On the other side of the hill is the motocentre, and there is the track of the first World Championship stage in Estonia. Length of the track 1950 m, difference in height 26 m.<\/p>\n<p>At the foot of the hill is an open family theme park with attractions open in summer, perfect for families with children to spend some quality time together.[\/vc_column_text][\/vc_column][\/vc_row][vc_row][vc_column][vc_zigzag][\/vc_column][\/vc_row][vc_row][vc_column width=&#8221;1\/2&#8243;][vc_empty_space hide_on_mobile=&#8221;&#8221;]<div id=\"sc_title_2062919502\"\n\t\tclass=\"sc_title sc_title_default\"><h1 class=\"sc_item_title sc_title_title sc_align_left sc_item_title_style_default sc_item_title_tag\">Seiklusmatk \u201dk\u00f5igile j\u00f5ukohane\u201d<\/h1><\/div><!-- \/.sc_title -->[vc_empty_space hide_on_mobile=&#8221;&#8221;][vc_column_text]The adventure takes place in the old Kohtla quarry. It&#8217;s map orientation, searching for clues, finding a cave and treasure, crossing a water obstacle in a raft, sailing over purrets and other exciting obstacles. Orientation skills are required (one of the group is sufficient).<\/p>\n<p>Purpose: moving in nature, developing teamwork and solving tasks. At the destination, an SUV is waiting for a safari. Minimum distance approx. 2.8 km. The path can be marked for ease of use. Includes a short orientation briefing, map, compass, first aid kit and, if necessary, guiding if lost. You can end the trip with a picnic, ask for the menu!<\/p>\n<p>We offer the service in cooperation with our good partner <a href=\"https:\/\/adrenaator.ee\/\" target=\"_blank\" rel=\"noopener\">Adrenaator<\/a>.[\/vc_column_text][\/vc_column][vc_column width=&#8221;1\/2&#8243;][vc_empty_space alter_height=&#8221;medium&#8221; hide_on_mobile=&#8221;&#8221;][vc_single_image image=&#8221;1640&#8243; img_size=&#8221;full&#8221;][vc_empty_space hide_on_mobile=&#8221;&#8221;][\/vc_column][\/vc_row][vc_row][vc_column][vc_zigzag][\/vc_column][\/vc_row][vc_row][vc_column width=&#8221;1\/2&#8243;][vc_empty_space alter_height=&#8221;medium&#8221; hide_on_mobile=&#8221;&#8221;][vc_single_image image=&#8221;1641&#8243; img_size=&#8221;full&#8221;][vc_empty_space hide_on_mobile=&#8221;&#8221;][\/vc_column][vc_column width=&#8221;1\/2&#8243;][vc_empty_space hide_on_mobile=&#8221;&#8221;]<div id=\"sc_title_482571596\"\n\t\tclass=\"sc_title sc_title_default\"><h1 class=\"sc_item_title sc_title_title sc_align_left sc_item_title_style_default sc_item_title_tag\">Seiklusmatk \u201dsportlik v\u00e4ljakutse\u201d<\/h1><\/div><!-- \/.sc_title -->[vc_empty_space hide_on_mobile=&#8221;&#8221;][vc_column_text]In addition to the main course, a longer and harder version, a total of 6.2 km, with 380 metres of climbing! It&#8217;s a little thing that brings a smile to every hiker&#8217;s face, because we&#8217;re used to the land being flat in Estonia. More spectacular views, steeper climbs and descents. We recommend at least 15 years of age ( you must be able to support your own body weight by holding the rope with your hands ). You may need to switch on &#8220;four-wheel drive&#8221;.<\/p>\n<p><strong>NB!  <\/strong>The &#8220;Sporting Challenge&#8221; is linked to a service career safari.<\/p>\n<p>We offer the service in cooperation with our good partner <a href=\"https:\/\/adrenaator.ee\/\" target=\"_blank\" rel=\"noopener\">Adrenaator<\/a>.[\/vc_column_text][\/vc_column][\/vc_row][vc_row][vc_column][vc_zigzag][\/vc_column][\/vc_row][vc_row][vc_column width=&#8221;1\/2&#8243;][vc_empty_space hide_on_mobile=&#8221;&#8221;]<div id=\"sc_title_391385950\"\n\t\tclass=\"sc_title sc_title_default\"><h1 class=\"sc_item_title sc_title_title sc_align_left sc_item_title_style_default sc_item_title_tag\">Karj\u00e4\u00e4risafari<\/h1><\/div><!-- \/.sc_title -->[vc_empty_space hide_on_mobile=&#8221;&#8221;][vc_column_text]An SUV excursion in the old Aidu quarry, which is half covered with forest and half with limestone fields. The hike takes you through ditches, forest passes and difficult artificial terrain. The route is not lacking in peaks, artificial lakes and quarry canyons. During the tour, you will see and hear interesting facts about energy and mining, and discuss environmental issues.<\/p>\n<p>We offer the service in cooperation with our good partner <a href=\"https:\/\/adrenaator.ee\/\" target=\"_blank\" rel=\"noopener\">Adrenaator<\/a>.[\/vc_column_text][\/vc_column][vc_column width=&#8221;1\/2&#8243;][vc_empty_space alter_height=&#8221;medium&#8221; hide_on_mobile=&#8221;&#8221;][vc_single_image image=&#8221;1643&#8243; img_size=&#8221;full&#8221;][vc_empty_space hide_on_mobile=&#8221;&#8221;][\/vc_column][\/vc_row][vc_row][vc_column][vc_zigzag][\/vc_column][\/vc_row][vc_row][vc_column width=&#8221;1\/2&#8243;][vc_empty_space alter_height=&#8221;medium&#8221; hide_on_mobile=&#8221;&#8221;][vc_single_image image=&#8221;1644&#8243; img_size=&#8221;full&#8221;][vc_empty_space hide_on_mobile=&#8221;&#8221;][\/vc_column][vc_column width=&#8221;1\/2&#8243;][vc_empty_space hide_on_mobile=&#8221;&#8221;]<div id=\"sc_title_709199867\"\n\t\tclass=\"sc_title sc_title_default\"><h1 class=\"sc_item_title sc_title_title sc_align_left sc_item_title_style_default sc_item_title_tag\">Veematk kaatriga<\/h1><\/div><!-- \/.sc_title -->[vc_empty_space hide_on_mobile=&#8221;&#8221;][vc_column_text]Of course, the best way to get an overview of Aidu&#8217;s waterways is on the water.<br \/>\nWith our large and stable catamaran, you can enjoy the wonderful views in peace and quiet, or fly over the water if necessary. This is how the emotions have been described by those who dared to wish for a full turn..<br \/>\nDuring the trip you can see the different canals of Aidu, the biggest spring, the blue lagoon, the Aidu bank and of course the biggest waterfall, which was put under the road just for the boat to pass through. <\/p>\n<p>Boat can accommodate 20 people<\/p>\n<p>We offer the service in cooperation with our good partner <a href=\"https:\/\/adrenaator.ee\/\" target=\"_blank\" rel=\"noopener\">Adrenaator<\/a>.[\/vc_column_text][\/vc_column][\/vc_row][vc_row][vc_column][vc_zigzag][\/vc_column][\/vc_row][vc_row][vc_column width=&#8221;1\/2&#8243;][vc_empty_space hide_on_mobile=&#8221;&#8221;]<div id=\"sc_title_1907769704\"\n\t\tclass=\"sc_title sc_title_default\"><h1 class=\"sc_item_title sc_title_title sc_align_left sc_item_title_style_default sc_item_title_tag\">Veematk kanuude, kummiparvedega v\u00f5i SUP-laudadega Aidu karj\u00e4\u00e4ris<\/h1><\/div><!-- \/.sc_title -->[vc_empty_space hide_on_mobile=&#8221;&#8221;][vc_column_text]A water hike is a team ride in canoes or rafts in an old oil shale quarry filled with water. Canoeing in Aidu Quarry is an active way to spend time with family, friends or work colleagues. The tour is led by a guide who will teach you the best driving techniques and tell you a lot about the surroundings!<\/p>\n<p>We offer the service in cooperation with our good partner <a href=\"https:\/\/adrenaator.ee\/\" target=\"_blank\" rel=\"noopener\">Adrenaator<\/a>.[\/vc_column_text][\/vc_column][vc_column width=&#8221;1\/2&#8243;][vc_empty_space alter_height=&#8221;medium&#8221; hide_on_mobile=&#8221;&#8221;][vc_single_image image=&#8221;1645&#8243; img_size=&#8221;full&#8221;][vc_empty_space hide_on_mobile=&#8221;&#8221;][\/vc_column][\/vc_row][vc_row][vc_column][vc_zigzag][\/vc_column][\/vc_row][vc_row][vc_column width=&#8221;1\/2&#8243;][vc_empty_space alter_height=&#8221;medium&#8221; hide_on_mobile=&#8221;&#8221;][vc_single_image image=&#8221;1646&#8243; img_size=&#8221;full&#8221;][vc_empty_space hide_on_mobile=&#8221;&#8221;][\/vc_column][vc_column width=&#8221;1\/2&#8243;][vc_empty_space hide_on_mobile=&#8221;&#8221;]<div id=\"sc_title_448794868\"\n\t\tclass=\"sc_title sc_title_default\"><h1 class=\"sc_item_title sc_title_title sc_align_left sc_item_title_style_default sc_item_title_tag\">Maa-alune ekskursioon<\/h1><\/div><!-- \/.sc_title -->[vc_empty_space hide_on_mobile=&#8221;&#8221;][vc_column_text]Underground tour of the mining park. The tour will take place underground in the former Kohtla mine tunnels &#8211; miners&#8217; workplaces, working mining machinery, an explosives shed, an underground train ride and a try at drilling with a drill. The tour will take place at the Estonian Mining Museum.<\/p>\n<p>We offer the service in cooperation with our good partner <a href=\"https:\/\/adrenaator.ee\/\" target=\"_blank\" rel=\"noopener\">Adrenaator<\/a>.[\/vc_column_text][\/vc_column][\/vc_row][vc_row][vc_column][vc_zigzag][\/vc_column][\/vc_row]<\/p>\n<\/section>","protected":false},"excerpt":{"rendered":"<p>[vc_row][vc_column][\/vc_column][\/vc_row][vc_row][vc_column width=&#8221;1\/2&#8243;][vc_empty_space alter_height=&#8221;medium&#8221; hide_on_mobile=&#8221;&#8221;][vc_single_image image=&#8221;1647&#8243; img_size=&#8221;full&#8221;][vc_empty_space hide_on_mobile=&#8221;&#8221;][\/vc_column][vc_column width=&#8221;1\/2&#8243;][vc_empty_space hide_on_mobile=&#8221;&#8221;][vc_empty_space hide_on_mobile=&#8221;&#8221;][vc_column_text]The Kivi\u00f5li Adventure Centre is located on an old ash hill in the northern part of Kivi\u00f5li, one side of which has Estonia&#8217;s longest ski slopes and the most exciting snowboard park. A brand new family fun park, downhill trails, a disc golf course and much more are open in summer.&hellip;<\/p>\n","protected":false},"author":1,"featured_media":0,"parent":0,"menu_order":0,"comment_status":"closed","ping_status":"closed","template":"","meta":{"footnotes":""},"class_list":["post-1746","page","type-page","status-publish","hentry"],"yoast_head":"<!-- This site is optimized with the Yoast SEO plugin v27.4 - https:\/\/yoast.com\/product\/yoast-seo-wordpress\/ -->\n<title>Activities at Rosi Holiday House - in nature and in the open air<\/title>\n<meta name=\"description\" content=\"Discover the activities of Rosi Holiday House. Hikes, sports, games and relaxation in nature offer a fun and memorable holiday for the whole family.\" \/>\n<meta name=\"robots\" content=\"index, follow, max-snippet:-1, max-image-preview:large, max-video-preview:-1\" \/>\n<link rel=\"canonical\" href=\"https:\/\/rosipuhkemaja.ee\/en\/activities\/\" \/>\n<meta property=\"og:locale\" content=\"en_US\" \/>\n<meta property=\"og:type\" content=\"article\" \/>\n<meta property=\"og:title\" content=\"Activities at Rosi Holiday House - in nature and in the open air\" \/>\n<meta property=\"og:description\" content=\"Discover the activities of Rosi Holiday House. Hikes, sports, games and relaxation in nature offer a fun and memorable holiday for the whole family.\" \/>\n<meta property=\"og:url\" content=\"https:\/\/rosipuhkemaja.ee\/en\/activities\/\" \/>\n<meta property=\"og:site_name\" content=\"Rosi Puhkemaja\" \/>\n<meta property=\"article:modified_time\" content=\"2026-03-25T13:41:23+00:00\" \/>\n<meta name=\"twitter:card\" content=\"summary_large_image\" \/>\n<meta name=\"twitter:label1\" content=\"Est. reading time\" \/>\n\t<meta name=\"twitter:data1\" content=\"6 minutes\" \/>\n<script type=\"application\/ld+json\" class=\"yoast-schema-graph\">{\"@context\":\"https:\\\/\\\/schema.org\",\"@graph\":[{\"@type\":\"WebPage\",\"@id\":\"https:\\\/\\\/rosipuhkemaja.ee\\\/en\\\/activities\\\/\",\"url\":\"https:\\\/\\\/rosipuhkemaja.ee\\\/en\\\/activities\\\/\",\"name\":\"Activities at Rosi Holiday House - in nature and in the open air\",\"isPartOf\":{\"@id\":\"https:\\\/\\\/rosipuhkemaja.ee\\\/#website\"},\"datePublished\":\"2017-03-23T10:44:07+00:00\",\"dateModified\":\"2026-03-25T13:41:23+00:00\",\"description\":\"Discover the activities of Rosi Holiday House. Hikes, sports, games and relaxation in nature offer a fun and memorable holiday for the whole family.\",\"breadcrumb\":{\"@id\":\"https:\\\/\\\/rosipuhkemaja.ee\\\/en\\\/activities\\\/#breadcrumb\"},\"inLanguage\":\"en-US\",\"potentialAction\":[{\"@type\":\"ReadAction\",\"target\":[\"https:\\\/\\\/rosipuhkemaja.ee\\\/en\\\/activities\\\/\"]}]},{\"@type\":\"BreadcrumbList\",\"@id\":\"https:\\\/\\\/rosipuhkemaja.ee\\\/en\\\/activities\\\/#breadcrumb\",\"itemListElement\":[{\"@type\":\"ListItem\",\"position\":1,\"name\":\"Home\",\"item\":\"https:\\\/\\\/rosipuhkemaja.ee\\\/en\\\/\"},{\"@type\":\"ListItem\",\"position\":2,\"name\":\"Activities\"}]},{\"@type\":\"WebSite\",\"@id\":\"https:\\\/\\\/rosipuhkemaja.ee\\\/#website\",\"url\":\"https:\\\/\\\/rosipuhkemaja.ee\\\/\",\"name\":\"Rosi Puhkemaja\",\"description\":\"Sinu Virumaa puhkus algab Rosi Puhkemajast\",\"potentialAction\":[{\"@type\":\"SearchAction\",\"target\":{\"@type\":\"EntryPoint\",\"urlTemplate\":\"https:\\\/\\\/rosipuhkemaja.ee\\\/?s={search_term_string}\"},\"query-input\":{\"@type\":\"PropertyValueSpecification\",\"valueRequired\":true,\"valueName\":\"search_term_string\"}}],\"inLanguage\":\"en-US\"}]}<\/script>\n<!-- \/ Yoast SEO plugin. -->","yoast_head_json":{"title":"Activities at Rosi Holiday House - in nature and in the open air","description":"Discover the activities of Rosi Holiday House. Hikes, sports, games and relaxation in nature offer a fun and memorable holiday for the whole family.","robots":{"index":"index","follow":"follow","max-snippet":"max-snippet:-1","max-image-preview":"max-image-preview:large","max-video-preview":"max-video-preview:-1"},"canonical":"https:\/\/rosipuhkemaja.ee\/en\/activities\/","og_locale":"en_US","og_type":"article","og_title":"Activities at Rosi Holiday House - in nature and in the open air","og_description":"Discover the activities of Rosi Holiday House. Hikes, sports, games and relaxation in nature offer a fun and memorable holiday for the whole family.","og_url":"https:\/\/rosipuhkemaja.ee\/en\/activities\/","og_site_name":"Rosi Puhkemaja","article_modified_time":"2026-03-25T13:41:23+00:00","twitter_card":"summary_large_image","twitter_misc":{"Est. reading time":"6 minutes"},"schema":{"@context":"https:\/\/schema.org","@graph":[{"@type":"WebPage","@id":"https:\/\/rosipuhkemaja.ee\/en\/activities\/","url":"https:\/\/rosipuhkemaja.ee\/en\/activities\/","name":"Activities at Rosi Holiday House - in nature and in the open air","isPartOf":{"@id":"https:\/\/rosipuhkemaja.ee\/#website"},"datePublished":"2017-03-23T10:44:07+00:00","dateModified":"2026-03-25T13:41:23+00:00","description":"Discover the activities of Rosi Holiday House. Hikes, sports, games and relaxation in nature offer a fun and memorable holiday for the whole family.","breadcrumb":{"@id":"https:\/\/rosipuhkemaja.ee\/en\/activities\/#breadcrumb"},"inLanguage":"en-US","potentialAction":[{"@type":"ReadAction","target":["https:\/\/rosipuhkemaja.ee\/en\/activities\/"]}]},{"@type":"BreadcrumbList","@id":"https:\/\/rosipuhkemaja.ee\/en\/activities\/#breadcrumb","itemListElement":[{"@type":"ListItem","position":1,"name":"Home","item":"https:\/\/rosipuhkemaja.ee\/en\/"},{"@type":"ListItem","position":2,"name":"Activities"}]},{"@type":"WebSite","@id":"https:\/\/rosipuhkemaja.ee\/#website","url":"https:\/\/rosipuhkemaja.ee\/","name":"Rosi Puhkemaja","description":"Sinu Virumaa puhkus algab Rosi Puhkemajast","potentialAction":[{"@type":"SearchAction","target":{"@type":"EntryPoint","urlTemplate":"https:\/\/rosipuhkemaja.ee\/?s={search_term_string}"},"query-input":{"@type":"PropertyValueSpecification","valueRequired":true,"valueName":"search_term_string"}}],"inLanguage":"en-US"}]}},"_links":{"self":[{"href":"https:\/\/rosipuhkemaja.ee\/en\/wp-json\/wp\/v2\/pages\/1746","targetHints":{"allow":["GET"]}}],"collection":[{"href":"https:\/\/rosipuhkemaja.ee\/en\/wp-json\/wp\/v2\/pages"}],"about":[{"href":"https:\/\/rosipuhkemaja.ee\/en\/wp-json\/wp\/v2\/types\/page"}],"author":[{"embeddable":true,"href":"https:\/\/rosipuhkemaja.ee\/en\/wp-json\/wp\/v2\/users\/1"}],"replies":[{"embeddable":true,"href":"https:\/\/rosipuhkemaja.ee\/en\/wp-json\/wp\/v2\/comments?post=1746"}],"version-history":[{"count":10,"href":"https:\/\/rosipuhkemaja.ee\/en\/wp-json\/wp\/v2\/pages\/1746\/revisions"}],"predecessor-version":[{"id":1837,"href":"https:\/\/rosipuhkemaja.ee\/en\/wp-json\/wp\/v2\/pages\/1746\/revisions\/1837"}],"wp:attachment":[{"href":"https:\/\/rosipuhkemaja.ee\/en\/wp-json\/wp\/v2\/media?parent=1746"}],"curies":[{"name":"wp","href":"https:\/\/api.w.org\/{rel}","templated":true}]}}