{"id":1747,"date":"2020-08-03T15:31:05","date_gmt":"2020-08-03T15:31:05","guid":{"rendered":"https:\/\/rosipuhkemaja.ee\/childrens-events\/"},"modified":"2026-03-25T12:06:11","modified_gmt":"2026-03-25T12:06:11","slug":"childrens-events","status":"publish","type":"page","link":"https:\/\/rosipuhkemaja.ee\/en\/childrens-events\/","title":{"rendered":"Children&#8217;s events"},"content":{"rendered":"<section class=\"wpb-content-wrapper\"><p>[vc_row][vc_column][vc_empty_space height=&#8221;62px&#8221; alter_height=&#8221;none&#8221; hide_on_mobile=&#8221;&#8221;][vc_column_text]<\/p>\n<h2>Celebrate unforgettable children&#8217;s events at Rosi Holiday House<\/h2>\n<p>Are you looking for the perfect venue for your child&#8217;s birthday party or other special children&#8217;s events? Rosi&#8217;s Holiday House is where magical memories are born and imagination takes flight. Set in the breathtaking landscape of Ida-Viru County, the house offers an enchanting playground and a host of exciting amenities to make your child&#8217;s party truly unforgettable.[vc_empty_space hide_on_mobile=&#8221;&#8221;][vc_column_text]Step into our outdoor wonderland where children can board a pirate ship. The structure, made of natural wood, will ignite their imagination and lead them into a world of treasure hunts, pirate stories and endless excitement. Let their creativity sail as captain of their own ship and create memories to last a lifetime.[\/vc_column_text][vc_empty_space hide_on_mobile=&#8221;&#8221;][vc_gallery type=&#8221;image_grid&#8221; images=&#8221;1704,1703,1702,1705&#8243;][vc_empty_space hide_on_mobile=&#8221;&#8221;][vc_column_text]But the adventure doesn&#8217;t end there! Our children&#8217;s witch house, straight from the pages of fairy tales, awaits young explorers in search of magic. With its quirky design and cosy interior, this enchanting playhouse offers the perfect haven for imaginative play. Let children&#8217;s imaginations fly as they enter a world of spells, potions and mystical wonders.[\/vc_column_text][vc_empty_space hide_on_mobile=&#8221;&#8221;][vc_gallery type=&#8221;image_grid&#8221; images=&#8221;1706,1707,1708,1709&#8243;][vc_empty_space hide_on_mobile=&#8221;&#8221;][vc_column_text]For those looking for more physical thrills, our playground also has swings and a slide for endless hours of laughter and fun. And while the kids play, you can relax in our hot tub, soaking up the day&#8217;s worries and enjoying your surroundings.[\/vc_column_text][vc_empty_space hide_on_mobile=&#8221;&#8221;][vc_column_text]As if that weren&#8217;t enough, Rosi Holiday House also boasts a volleyball court, perfect for friendly competition and active play. Gather children and their friends together for a game that makes them run, jump and laugh together, creating bonds and memories that will last.[\/vc_column_text][vc_empty_space hide_on_mobile=&#8221;&#8221;][vc_column_text]At Rosi&#8217;s Holiday Home, we understand that children&#8217;s events are special occasions that deserve attention to detail and magic. Our dedicated team is here to help you create an unforgettable experience tailored to your child&#8217;s interests and wishes. We will work closely with you, from decorations to catering options, to ensure that every aspect of your celebration is exceptional.[\/vc_column_text][vc_empty_space hide_on_mobile=&#8221;&#8221;][vc_column_text]Capture the essence of childhood wonder and create lasting memories at Rosi Holiday Home. Contact us today to book a place for your child&#8217;s birthday party or other special children&#8217;s events.[\/vc_column_text][vc_empty_space hide_on_mobile=&#8221;&#8221;][vc_gallery type=&#8221;image_grid&#8221; images=&#8221;1710,1711,1712,1713,1714,1715&#8243;][vc_empty_space hide_on_mobile=&#8221;&#8221;][\/vc_column][\/vc_row][vc_row][vc_column][vc_empty_space alter_height=&#8221;large&#8221; hide_on_mobile=&#8221;&#8221; css=&#8221;.vc_custom_1687858934131{margin-top: 0.5rem !important;}&#8221;][vc_column_text]<\/p>\n<h4>Price list<\/h4>\n<p>[\/vc_column_text][vc_empty_space hide_on_mobile=&#8221;&#8221; css=&#8221;.vc_custom_1687871441155{margin-top: 0.5rem !important;}&#8221;][\/vc_column][\/vc_row][vc_row][vc_column width=&#8221;1\/3&#8243;]<div  id=\"sc_price_236021504\" \n\tclass=\"sc_price sc_price_default\"><a href=\"#\" class=\"sc_price_image\"><img loading=\"lazy\" decoding=\"async\" src=\"https:\/\/rosipuhkemaja.ee\/wp-content\/uploads\/2023\/06\/jfsi321-740x520.jpeg\" alt=\"\" width=\"740\" height=\"520\"><div class=\"sc_price_title\">Monday - Thursday<\/div><\/a><div class=\"sc_price_info\"><div class=\"sc_price_subtitle\">1 p\u00e4ev<\/div><div class=\"sc_price_price\"><span class=\"sc_price_value\">450\u20ac<\/span><\/div><div class=\"sc_price_description\">Hind sisaldab kogu puhkemaja renti, k\u00fcmblust\u00fcnni ja sauna kasutust koos \u00f6\u00f6bimisega.<\/div><\/div>\n<\/div>[\/vc_column][vc_column width=&#8221;1\/3&#8243;]<div  id=\"sc_price_681510456\" \n\tclass=\"sc_price sc_price_default\"><a href=\"#\" class=\"sc_price_image\"><img loading=\"lazy\" decoding=\"async\" src=\"https:\/\/rosipuhkemaja.ee\/wp-content\/uploads\/2023\/06\/jfsi321-740x520.jpeg\" alt=\"\" width=\"740\" height=\"520\"><div class=\"sc_price_title\">Friday -Sunday<\/div><\/a><div class=\"sc_price_info\"><div class=\"sc_price_subtitle\">1 p\u00e4ev<\/div><div class=\"sc_price_price\"><span class=\"sc_price_value\">500\u20ac<\/span><\/div><div class=\"sc_price_description\">Hind sisaldab kogu puhkemaja renti, k\u00fcmblust\u00fcnni ja sauna kasutust koos \u00f6\u00f6bimisega<\/div><\/div>\n<\/div>[\/vc_column][vc_column width=&#8221;1\/3&#8243;]<div  id=\"sc_price_872461128\" \n\tclass=\"sc_price sc_price_default\"><a href=\"#\" class=\"sc_price_image\"><img loading=\"lazy\" decoding=\"async\" src=\"https:\/\/rosipuhkemaja.ee\/wp-content\/uploads\/2023\/06\/jfsi321-740x520.jpeg\" alt=\"\" width=\"740\" height=\"520\"><div class=\"sc_price_title\">Daily events<\/div><\/a><div class=\"sc_price_info\"><div class=\"sc_price_subtitle\">1 tund<\/div><div class=\"sc_price_price\"><span class=\"sc_price_value\">30\u20ac<\/span><\/div><div class=\"sc_price_description\">Hind sisaldab kogu puhkemaja renti ilma k\u00fcmblust\u00fcnni ja sauna kasutuseta<\/div><\/div>\n<\/div>[\/vc_column][\/vc_row][vc_row][vc_column][vc_separator][\/vc_column][\/vc_row][vc_row][vc_column width=&#8221;1\/2&#8243;][vc_custom_heading text=&#8221;Feel free to contact&#8221;][vc_empty_space hide_on_mobile=&#8221;&#8221;][vc_column_text]Feel free to let me know your questions or special requests on the booking form or contact me directly.[\/vc_column_text][vc_empty_space hide_on_mobile=&#8221;&#8221;]<div id=\"widget_contacts_1481673938\" class=\"widget_area sc_widget_contacts vc_widget_contacts wpb_content_element\"><aside id=\"widget_contacts_1481673938_widget\" class=\"widget widget_contacts\"><div class=\"contacts_wrap\"><div class=\"contacts_logo\"><img loading=\"lazy\" decoding=\"async\" src=\"https:\/\/rosipuhkemaja.ee\/wp-content\/uploads\/2023\/10\/Veiko2.png\" alt=\"\" width=\"200\" height=\"200\"><\/div><div class=\"contacts_description\"><p>Veiko Rosi - Puhkemaja peremees<\/p>\n<\/div><div class=\"contacts_info\"><span class=\"contacts_email\"><a href=\"mailto:&#105;&#110;fo&#64;&#114;o&#115;&#105;&#112;&#117;&#104;kemaja&#46;&#101;&#101;\">i&#110;fo&#64;&#114;&#111;s&#105;p&#117;h&#107;e&#109;aja.e&#101;<\/a><\/span><span class=\"contacts_phone\"><a href=\"tel:+37253478185\">+37253478185<\/a><\/span><\/div><\/div><!-- \/.contacts_wrap --><\/aside><\/div>[\/vc_column][vc_column width=&#8221;1\/2&#8243;]<div id=\"sc_title_1924636795\"\n\t\tclass=\"sc_title sc_title_default\"><h3 class=\"sc_item_title sc_title_title sc_align_left sc_item_title_style_default sc_item_title_tag\">T\u00e4ida broneeringu vorm<\/h3><div class=\"sc_item_descr sc_title_descr sc_align_left\"><p>Ja me v\u00f5tame sinuga esimesel v\u00f5imalusel \u00fchendust.<\/p>\n<\/div><\/div><!-- \/.sc_title -->\n<div class=\"wpcf7 no-js\" id=\"wpcf7-f1765-o1\" lang=\"en-US\" dir=\"ltr\" data-wpcf7-id=\"1765\">\n<div class=\"screen-reader-response\"><p role=\"status\" aria-live=\"polite\" aria-atomic=\"true\"><\/p> <ul><\/ul><\/div>\n<form action=\"\/en\/wp-json\/wp\/v2\/pages\/1747#wpcf7-f1765-o1\" method=\"post\" class=\"wpcf7-form init\" aria-label=\"Contact form\" novalidate=\"novalidate\" data-status=\"init\">\n<fieldset class=\"hidden-fields-container\"><input type=\"hidden\" name=\"_wpcf7\" value=\"1765\" \/><input type=\"hidden\" name=\"_wpcf7_version\" value=\"6.1.5\" \/><input type=\"hidden\" name=\"_wpcf7_locale\" value=\"en_US\" \/><input type=\"hidden\" name=\"_wpcf7_unit_tag\" value=\"wpcf7-f1765-o1\" \/><input type=\"hidden\" name=\"_wpcf7_container_post\" value=\"0\" \/><input type=\"hidden\" name=\"_wpcf7_posted_data_hash\" value=\"\" \/><input type=\"hidden\" name=\"_wpcf7_recaptcha_response\" value=\"\" \/>\n<\/fieldset>\n<div class=\"col-container\">\n<div class=\"col-1-3\"><label>Name<\/label><span class=\"wpcf7-form-control-wrap\" data-name=\"text-name\"><input size=\"40\" maxlength=\"400\" class=\"wpcf7-form-control wpcf7-text wpcf7-validates-as-required\" aria-required=\"true\" aria-invalid=\"false\" placeholder=\"Your Name\" value=\"\" type=\"text\" name=\"text-name\" \/><\/span><\/div>\n<div class=\"col-1-3\"><label>Phone<\/label><span class=\"wpcf7-form-control-wrap\" data-name=\"tel-phone\"><input size=\"40\" maxlength=\"400\" class=\"wpcf7-form-control wpcf7-tel wpcf7-validates-as-required wpcf7-text wpcf7-validates-as-tel\" aria-required=\"true\" aria-invalid=\"false\" placeholder=\"+372\" value=\"\" type=\"tel\" name=\"tel-phone\" \/><\/span><\/div>\n<div class=\"col-1-3\"><label>Check In:<\/label><span class=\"wpcf7-form-control-wrap\" data-name=\"date-check-in\"><input size=\"40\" maxlength=\"400\" class=\"wpcf7-form-control wpcf7-text datefield\" aria-invalid=\"false\" placeholder=\"19.06\" value=\"\" type=\"text\" name=\"date-check-in\" \/><\/span><\/div>\n<div class=\"col-1-3\"><label>Check Out:<\/label><span class=\"wpcf7-form-control-wrap\" data-name=\"date-check-out\"><input size=\"40\" maxlength=\"400\" class=\"wpcf7-form-control wpcf7-text datefield\" aria-invalid=\"false\" placeholder=\"20.06\" value=\"\" type=\"text\" name=\"date-check-out\" \/><\/span><\/div>\n<div class=\"col-1-3\"><label>Adults:<\/label><span class=\"wpcf7-form-control-wrap\" data-name=\"menu-adults\"><select class=\"wpcf7-form-control wpcf7-select wpcf7-validates-as-required\" aria-required=\"true\" aria-invalid=\"false\" name=\"menu-adults\"><option value=\"1\">1<\/option><option value=\"2\">2<\/option><option value=\"3\">3<\/option><option value=\"4\">4<\/option><option value=\"5\">5<\/option><option value=\"6\">6<\/option><option value=\"7\">7<\/option><option value=\"8\">8<\/option><option value=\"9\">9<\/option><option value=\"10\">10<\/option><\/select><\/span><\/div>\n<div class=\"col-1-3\"><label>Child:<\/label><span class=\"wpcf7-form-control-wrap\" data-name=\"menu-children\"><select class=\"wpcf7-form-control wpcf7-select wpcf7-validates-as-required\" aria-required=\"true\" aria-invalid=\"false\" name=\"menu-children\"><option value=\"0\">0<\/option><option value=\"1\">1<\/option><option value=\"2\">2<\/option><option value=\"3\">3<\/option><option value=\"4\">4<\/option><option value=\"5\">5<\/option><option value=\"6\">6<\/option><option value=\"7\">7<\/option><option value=\"8\">8<\/option><option value=\"9\">9<\/option><option value=\"10\">10<\/option><\/select><\/span><\/div>\n<div class=\"col-1-1\"><label>E-mail<\/label><span class=\"wpcf7-form-control-wrap\" data-name=\"email-email\"><input size=\"40\" maxlength=\"400\" class=\"wpcf7-form-control wpcf7-email wpcf7-validates-as-required wpcf7-text wpcf7-validates-as-email\" aria-required=\"true\" aria-invalid=\"false\" placeholder=\"email@....\" value=\"\" type=\"email\" name=\"email-email\" \/><\/span><\/div>\n<div class=\"col-1-1\"><label>For more information<\/label><span class=\"wpcf7-form-control-wrap\" data-name=\"textarea-87\"><textarea cols=\"40\" rows=\"10\" maxlength=\"2000\" class=\"wpcf7-form-control wpcf7-textarea\" aria-invalid=\"false\" name=\"textarea-87\">If there are any questions<\/textarea><\/span><\/div>\n<div class=\"col-1-3\"><input class=\"wpcf7-form-control wpcf7-submit has-spinner\" type=\"submit\" value=\"DOWNLOAD\" \/><\/div><div class=\"wpcf7-response-output\" aria-hidden=\"true\"><\/div>\n<\/form>\n<\/div>\n[\/vc_column][\/vc_row][vc_row][vc_column][vc_empty_space alter_height=&#8221;huge&#8221; hide_on_mobile=&#8221;&#8221;][\/vc_column][\/vc_row][vc_row full_width=&#8221;stretch_row_content_no_spaces&#8221;][vc_column][vc_gmaps link=&#8221;#E-8_JTNDaWZyYW1lJTIwc3JjJTNEJTIyaHR0cHMlM0ElMkYlMkZ3d3cuZ29vZ2xlLmNvbSUyRm1hcHMlMkZlbWJlZCUzRnBiJTNEJTIxMW0xOCUyMTFtMTIlMjExbTMlMjExZDIwMzIuNTM3MDM4Mjk3NjMyNSUyMTJkMjYuOTM2MDg4NTc3NjE4NTUyJTIxM2Q1OS4zNzQwNjUyNzQ2MzU5NzQlMjEybTMlMjExZjAlMjEyZjAlMjEzZjAlMjEzbTIlMjExaTEwMjQlMjEyaTc2OCUyMTRmMTMuMSUyMTNtMyUyMTFtMiUyMTFzMHg0NjkzODcyZWQ2ZWZmN2I1JTI1M0EweDk1NDc3ZDZjMzM0ZDcxNDklMjEyc1Jvc2klMjUyMFB1aGtlbWFqYSUyMTVlMCUyMTNtMiUyMTFzZXQlMjEyc2VlJTIxNHYxNjg3ODYwODcxMDc4JTIxNW0yJTIxMXNldCUyMTJzZWUlMjIlMjB3aWR0aCUzRCUyMjYwMCUyMiUyMGhlaWdodCUzRCUyMjQ1MCUyMiUyMHN0eWxlJTNEJTIyYm9yZGVyJTNBMCUzQiUyMiUyMGFsbG93ZnVsbHNjcmVlbiUzRCUyMiUyMiUyMGxvYWRpbmclM0QlMjJsYXp5JTIyJTIwcmVmZXJyZXJwb2xpY3klM0QlMjJuby1yZWZlcnJlci13aGVuLWRvd25ncmFkZSUyMiUzRSUzQyUyRmlmcmFtZSUzRQ==&#8221; size=&#8221;150&#8243;][\/vc_column][\/vc_row]<\/p>\n<\/section>","protected":false},"excerpt":{"rendered":"<p>[vc_row][vc_column][vc_empty_space height=&#8221;62px&#8221; alter_height=&#8221;none&#8221; hide_on_mobile=&#8221;&#8221;][vc_column_text] Celebrate unforgettable children&#8217;s events at Rosi Holiday House Are you looking for the perfect venue for your child&#8217;s birthday party or other special children&#8217;s events? Rosi&#8217;s Holiday House is where magical memories are born and imagination takes flight. Set in the breathtaking landscape of Ida-Viru County, the house offers an enchanting playground and a host of&hellip;<\/p>\n","protected":false},"author":1,"featured_media":0,"parent":0,"menu_order":0,"comment_status":"closed","ping_status":"closed","template":"","meta":{"footnotes":""},"class_list":["post-1747","page","type-page","status-publish","hentry"],"yoast_head":"<!-- This site is optimized with the Yoast SEO plugin v27.3 - https:\/\/yoast.com\/product\/yoast-seo-wordpress\/ -->\n<title>Children&#039;s events and birthdays - Rosi Holiday House<\/title>\n<meta name=\"description\" content=\"Organise a children&#039;s event at Rosi Holiday House. Outdoor areas, a playground and a playhouse ensure a fun and safe day for your little guests.\" \/>\n<meta name=\"robots\" content=\"index, follow, max-snippet:-1, max-image-preview:large, max-video-preview:-1\" \/>\n<link rel=\"canonical\" href=\"https:\/\/rosipuhkemaja.ee\/en\/childrens-events\/\" \/>\n<meta property=\"og:locale\" content=\"en_US\" \/>\n<meta property=\"og:type\" content=\"article\" \/>\n<meta property=\"og:title\" content=\"Children&#039;s events and birthdays - Rosi Holiday House\" \/>\n<meta property=\"og:description\" content=\"Organise a children&#039;s event at Rosi Holiday House. Outdoor areas, a playground and a playhouse ensure a fun and safe day for your little guests.\" \/>\n<meta property=\"og:url\" content=\"https:\/\/rosipuhkemaja.ee\/en\/childrens-events\/\" \/>\n<meta property=\"og:site_name\" content=\"Rosi Puhkemaja\" \/>\n<meta property=\"article:modified_time\" content=\"2026-03-25T12:06:11+00:00\" \/>\n<meta name=\"twitter:card\" content=\"summary_large_image\" \/>\n<meta name=\"twitter:label1\" content=\"Est. reading time\" \/>\n\t<meta name=\"twitter:data1\" content=\"4 minutes\" \/>\n<script type=\"application\/ld+json\" class=\"yoast-schema-graph\">{\"@context\":\"https:\\\/\\\/schema.org\",\"@graph\":[{\"@type\":\"WebPage\",\"@id\":\"https:\\\/\\\/rosipuhkemaja.ee\\\/en\\\/childrens-events\\\/\",\"url\":\"https:\\\/\\\/rosipuhkemaja.ee\\\/en\\\/childrens-events\\\/\",\"name\":\"Children's events and birthdays - Rosi Holiday House\",\"isPartOf\":{\"@id\":\"https:\\\/\\\/rosipuhkemaja.ee\\\/#website\"},\"datePublished\":\"2020-08-03T15:31:05+00:00\",\"dateModified\":\"2026-03-25T12:06:11+00:00\",\"description\":\"Organise a children's event at Rosi Holiday House. Outdoor areas, a playground and a playhouse ensure a fun and safe day for your little guests.\",\"breadcrumb\":{\"@id\":\"https:\\\/\\\/rosipuhkemaja.ee\\\/en\\\/childrens-events\\\/#breadcrumb\"},\"inLanguage\":\"en-US\",\"potentialAction\":[{\"@type\":\"ReadAction\",\"target\":[\"https:\\\/\\\/rosipuhkemaja.ee\\\/en\\\/childrens-events\\\/\"]}]},{\"@type\":\"BreadcrumbList\",\"@id\":\"https:\\\/\\\/rosipuhkemaja.ee\\\/en\\\/childrens-events\\\/#breadcrumb\",\"itemListElement\":[{\"@type\":\"ListItem\",\"position\":1,\"name\":\"Home\",\"item\":\"https:\\\/\\\/rosipuhkemaja.ee\\\/en\\\/\"},{\"@type\":\"ListItem\",\"position\":2,\"name\":\"Children&#8217;s events\"}]},{\"@type\":\"WebSite\",\"@id\":\"https:\\\/\\\/rosipuhkemaja.ee\\\/#website\",\"url\":\"https:\\\/\\\/rosipuhkemaja.ee\\\/\",\"name\":\"Rosi Puhkemaja\",\"description\":\"Sinu Virumaa puhkus algab Rosi Puhkemajast\",\"potentialAction\":[{\"@type\":\"SearchAction\",\"target\":{\"@type\":\"EntryPoint\",\"urlTemplate\":\"https:\\\/\\\/rosipuhkemaja.ee\\\/?s={search_term_string}\"},\"query-input\":{\"@type\":\"PropertyValueSpecification\",\"valueRequired\":true,\"valueName\":\"search_term_string\"}}],\"inLanguage\":\"en-US\"}]}<\/script>\n<!-- \/ Yoast SEO plugin. -->","yoast_head_json":{"title":"Children's events and birthdays - Rosi Holiday House","description":"Organise a children's event at Rosi Holiday House. Outdoor areas, a playground and a playhouse ensure a fun and safe day for your little guests.","robots":{"index":"index","follow":"follow","max-snippet":"max-snippet:-1","max-image-preview":"max-image-preview:large","max-video-preview":"max-video-preview:-1"},"canonical":"https:\/\/rosipuhkemaja.ee\/en\/childrens-events\/","og_locale":"en_US","og_type":"article","og_title":"Children's events and birthdays - Rosi Holiday House","og_description":"Organise a children's event at Rosi Holiday House. Outdoor areas, a playground and a playhouse ensure a fun and safe day for your little guests.","og_url":"https:\/\/rosipuhkemaja.ee\/en\/childrens-events\/","og_site_name":"Rosi Puhkemaja","article_modified_time":"2026-03-25T12:06:11+00:00","twitter_card":"summary_large_image","twitter_misc":{"Est. reading time":"4 minutes"},"schema":{"@context":"https:\/\/schema.org","@graph":[{"@type":"WebPage","@id":"https:\/\/rosipuhkemaja.ee\/en\/childrens-events\/","url":"https:\/\/rosipuhkemaja.ee\/en\/childrens-events\/","name":"Children's events and birthdays - Rosi Holiday House","isPartOf":{"@id":"https:\/\/rosipuhkemaja.ee\/#website"},"datePublished":"2020-08-03T15:31:05+00:00","dateModified":"2026-03-25T12:06:11+00:00","description":"Organise a children's event at Rosi Holiday House. Outdoor areas, a playground and a playhouse ensure a fun and safe day for your little guests.","breadcrumb":{"@id":"https:\/\/rosipuhkemaja.ee\/en\/childrens-events\/#breadcrumb"},"inLanguage":"en-US","potentialAction":[{"@type":"ReadAction","target":["https:\/\/rosipuhkemaja.ee\/en\/childrens-events\/"]}]},{"@type":"BreadcrumbList","@id":"https:\/\/rosipuhkemaja.ee\/en\/childrens-events\/#breadcrumb","itemListElement":[{"@type":"ListItem","position":1,"name":"Home","item":"https:\/\/rosipuhkemaja.ee\/en\/"},{"@type":"ListItem","position":2,"name":"Children&#8217;s events"}]},{"@type":"WebSite","@id":"https:\/\/rosipuhkemaja.ee\/#website","url":"https:\/\/rosipuhkemaja.ee\/","name":"Rosi Puhkemaja","description":"Sinu Virumaa puhkus algab Rosi Puhkemajast","potentialAction":[{"@type":"SearchAction","target":{"@type":"EntryPoint","urlTemplate":"https:\/\/rosipuhkemaja.ee\/?s={search_term_string}"},"query-input":{"@type":"PropertyValueSpecification","valueRequired":true,"valueName":"search_term_string"}}],"inLanguage":"en-US"}]}},"_links":{"self":[{"href":"https:\/\/rosipuhkemaja.ee\/en\/wp-json\/wp\/v2\/pages\/1747","targetHints":{"allow":["GET"]}}],"collection":[{"href":"https:\/\/rosipuhkemaja.ee\/en\/wp-json\/wp\/v2\/pages"}],"about":[{"href":"https:\/\/rosipuhkemaja.ee\/en\/wp-json\/wp\/v2\/types\/page"}],"author":[{"embeddable":true,"href":"https:\/\/rosipuhkemaja.ee\/en\/wp-json\/wp\/v2\/users\/1"}],"replies":[{"embeddable":true,"href":"https:\/\/rosipuhkemaja.ee\/en\/wp-json\/wp\/v2\/comments?post=1747"}],"version-history":[{"count":7,"href":"https:\/\/rosipuhkemaja.ee\/en\/wp-json\/wp\/v2\/pages\/1747\/revisions"}],"predecessor-version":[{"id":1818,"href":"https:\/\/rosipuhkemaja.ee\/en\/wp-json\/wp\/v2\/pages\/1747\/revisions\/1818"}],"wp:attachment":[{"href":"https:\/\/rosipuhkemaja.ee\/en\/wp-json\/wp\/v2\/media?parent=1747"}],"curies":[{"name":"wp","href":"https:\/\/api.w.org\/{rel}","templated":true}]}}